{"id":313,"date":"2022-08-24T19:06:09","date_gmt":"2022-08-24T19:06:09","guid":{"rendered":"https:\/\/avsaf.tienda\/?page_id=313"},"modified":"2022-08-25T13:43:58","modified_gmt":"2022-08-25T13:43:58","slug":"politicas-de-privacidad","status":"publish","type":"page","link":"https:\/\/avsaf.tienda\/en\/politicas-de-privacidad\/","title":{"rendered":"Pol\u00edticas de privacidad"},"content":{"rendered":"<div data-elementor-type=\"wp-page\" data-elementor-id=\"313\" class=\"elementor elementor-313\" data-elementor-post-type=\"page\">\n\t\t\t\t\t\t<section class=\"elementor-section elementor-top-section elementor-element elementor-element-5fc9ef28 elementor-section-boxed elementor-section-height-default elementor-section-height-default\" data-id=\"5fc9ef28\" data-element_type=\"section\">\n\t\t\t\t\t\t<div class=\"elementor-container elementor-column-gap-default\">\n\t\t\t\t\t<div class=\"elementor-column elementor-col-100 elementor-top-column elementor-element elementor-element-25d7cfa5\" data-id=\"25d7cfa5\" data-element_type=\"column\">\n\t\t\t<div class=\"elementor-widget-wrap elementor-element-populated\">\n\t\t\t\t\t\t<div class=\"elementor-element elementor-element-84a47fc elementor-widget elementor-widget-heading\" data-id=\"84a47fc\" data-element_type=\"widget\" data-widget_type=\"heading.default\">\n\t\t\t\t<div class=\"elementor-widget-container\">\n\t\t\t\t\t<h1 class=\"elementor-heading-title elementor-size-default\">POL\u00cdTICAS DE PRIVACIDAD<\/h1>\t\t\t\t<\/div>\n\t\t\t\t<\/div>\n\t\t\t\t<div class=\"elementor-element elementor-element-7aa91115 elementor-widget elementor-widget-text-editor\" data-id=\"7aa91115\" data-element_type=\"widget\" data-widget_type=\"text-editor.default\">\n\t\t\t\t<div class=\"elementor-widget-container\">\n\t\t\t\t\t\t\t\t\t\n<p><strong>CLAUSULAS DE PROTECCION DE DATOS DE CARACTER PERSONAL&nbsp;<\/strong><\/p>\n\n\n\n<p><strong>ENTIDAD PRESTADORA DEL SERVICIO: EURO DAVINCI CONSULTING SL&nbsp;<\/strong><\/p>\n\n\n\n<p>De acuerdo con lo dispuesto en el Reglamento (UE) 2016\/679 del Parlamento Europeo y del Consejo, de 27 de abril de 2016, relativo a la protecci\u00f3n de las personas f\u00edsicas en lo que respecta al tratamiento de datos personales y a la libre circulaci\u00f3n de estos datos, as\u00ed como en la Ley Org\u00e1nica 3\/2018, de 5 de diciembre, de Protecci\u00f3n de Datos Personales y garant\u00eda de los derechos digitales se le informa de que el tratamiento de sus datos personales ser\u00e1n tratados por EURO DAVINCI CONSULTING SL como responsable del tratamiento, en base a la necesidad para la ejecuci\u00f3n de un contrato en el que el interesado es parte, ya sea porque lo ha solicitado directamente o ya sea porque la empresa para la que presta sus servicios ha contratado la formaci\u00f3n, y se le han facilitado una claves para el acceso, tambi\u00e9n es necesario para el cumplimiento de una obligaci\u00f3n legal aplicable al responsable del tratamiento y para el cumplimiento de una misi\u00f3n realizada en inter\u00e9s p\u00fablico, todo ello conforme el art\u00edculo 6.1 e) del RGPD con la finalidad de atender y gestionar su formaci\u00f3n regulada por la normativa vigente.<\/p>\n\n\n\n<p>EURO DAVINCI CONSULTING SL propietaria de este sitio web, y promotora en la acci\u00f3n formativa que va a contratar e-learning, es responsable del tratamiento de datos en su interacci\u00f3n con la p\u00e1gina web, y del proceso de formaci\u00f3n y certificaci\u00f3n, que usted va a contratar, le informa que, seg\u00fan lo dispuesto en el Reglamento (UE) 2016\/679, de 27 de abril, (RGPD) y en la L.O. 3\/2018, de 5 de diciembre, de protecci\u00f3n de datos y garant\u00eda de los derechos digitales (LOPDGDD), trataremos sus datos tal y como reflejamos en la presente Pol\u00edtica de Privacidad.<\/p>\n\n\n\n<p>En esta pol\u00edtica de privacidad se describe c\u00f3mo recogemos sus datos personales y por qu\u00e9 los recogemos, qu\u00e9 hacemos con ellos, con qui\u00e9n los compartimos, c\u00f3mo los protegemos y sus opciones en cuanto al tratamiento de sus datos personales.<\/p>\n\n\n\n<p>Esta pol\u00edtica se aplica al tratamiento de sus datos personales recogidos por la empresa para la prestaci\u00f3n de sus servicios. Si acepta las medidas de esta pol\u00edtica, acepta que tratemos sus datos personales como se define en esta pol\u00edtica.<\/p>\n\n\n\n<p>Para poder realizar el servicio contratado, es necesaria el tratamiento de datos de car\u00e1cter personal, hasta el punto de que, en caso de no facilitar los datos solicitados, no se podr\u00e1 proceder a dicha gesti\u00f3n y por tanto no podr\u00e1 realizar la acci\u00f3n formativa contratada.<\/p>\n\n\n\n<p><strong>DEFINICIONES&nbsp;<\/strong><\/p>\n\n\n\n<p>A efectos de la presente clausula entendemos por:<\/p>\n\n\n\n<p><strong>INTERESADO (USUARIO): <\/strong>Persona f\u00edsica que accede a<strong> <\/strong>los servicios de esta web u otras del grupo de EURO DAVINCI CONSULTING, ya sea por simple navegaci\u00f3n, o para el proceso de matriculaci\u00f3n, o bien para su formaci\u00f3n o o para recibir los correspondientes certificados.<\/p>\n\n\n\n<p><strong>DATOS PERSONALES: <\/strong>Toda informaci\u00f3n sobre una persona f\u00edsica identificada o identificable ( INTERESADO) ; se considerar\u00e1 persona f\u00edsica identificable &nbsp;toda persona cuya identidad pueda determinarse, directa o indirectamente, en particular mediante un identificador, como por ejemplo un nombre, un n\u00famero de identificaci\u00f3n ( por ejemplo DNI) , datos de localizaci\u00f3n, un identificador en l\u00ednea o uno o varios elementos propios de la identidad f\u00edsica, fisiol\u00f3gica, gen\u00e9tica, ps\u00edquica, econ\u00f3mica, cultural o social de dicha persona.<\/p>\n\n\n\n<p><strong>FICHERO:<\/strong> todo conjunto estructurado de datos personales, accesibles con arreglo a criterios determinados, ya sea centralizado, descentralizado o repartido de forma funcional o geogr\u00e1fica.<strong>&nbsp;<\/strong><\/p>\n\n\n\n<p><strong>RESPONSABLE DEL TRATAMIENTO o RESPONSABLE:<\/strong> la persona f\u00edsica o jur\u00eddica, autoridad p\u00fablica, servicio u otro organismo que, solo o junto con otros, determine los fines y medios del tratamiento.&nbsp;<\/p>\n\n\n\n<p><strong>ENCARGADO DEL TRATAMIENTO<\/strong> o<strong> ENCARGADO<\/strong>: la persona f\u00edsica o jur\u00eddica, autoridad p\u00fablica, servicio u otro organismo que trate datos personales por cuenta del responsable del tratamiento.<\/p>\n\n\n\n<p><strong>RESPONSABLE DEL TRATAMIENTO DE DATOS<\/strong><\/p>\n\n\n\n<ul class=\"wp-block-list\"><li>Titular: EURO DAVINCI CONSULTING SL.<\/li><li>NIF: B16962136<br>Inscrita en el registro mercantil de BARCELONA, tomo 48.004, hoja B-569165. Folio 160, Secci\u00f3n General de Sociedades.<\/li><li>Domicilio: Barcelona &#8211; Espa\u00f1a.<\/li><li>Correo electr\u00f3nico:&nbsp;<a href=\"mailto:rgpd.avsaf@gmail.es\">rgpd.avsaf@gmail.es<\/a><\/li><li>Sitio web:&nbsp;<a href=\"https:\/\/www.avsaf.es\/\">https:\/\/www.avsaf.es\/<\/a><\/li><\/ul>\n\n\n\n<p><br><strong>PRINCIPIOS DEL TRATAMIENTO DE DATOS EN ESTA PAGINA WEB<\/strong><\/p>\n\n\n\n<p>En EURO DAVINCI CONSULTING SL nos comprometemos a prestar nuestros servicios con el m\u00e1s alto grado de calidad, lo que incluye tratar sus datos con seguridad y transparencia. Para ello, nos basamos en los siguientes principios:<\/p>\n\n\n\n<ul class=\"wp-block-list\"><li>LEGALIDAD: Solo recopilaremos sus Datos personales para fines espec\u00edficos, expl\u00edcitos y leg\u00edtimos.<\/li><li>MINIMIZACION DE DATOS: Limitamos la recogida de datos de car\u00e1cter personal a lo que es estrictamente relevante y necesario para los fines para los que se han recopilado.<\/li><li>LIMITACION DE LA FINALIDAD: Solo recogeremos sus datos personales para los fines declarados y solo seg\u00fan sus deseos.<\/li><li>PRECISOS: Mantendremos sus datos personales exactos y actualizados.<\/li><li>SEGURIDAD DE DATOS: Aplicamos las medidas t\u00e9cnicas y organizativas adecuadas y proporcionales a los riesgos para garantizar que sus datos no sufran da\u00f1os, tales como divulgaci\u00f3n o acceso no autorizado, la destrucci\u00f3n accidental o il\u00edcita o su p\u00e9rdida accidental o alteraci\u00f3n y cualquier otra forma de tratamiento il\u00edcito.<\/li><li>ACCESO Y RECTIFICACION: Disponemos de medios para que acceda o rectifique sus datos cuando lo considere oportuno.<\/li><li>CONSERVACION: Conservamos sus datos personales de manera legal y apropiada y solo mientras es necesario para los fines para los que se han recopilado.<\/li><li>TRANSFERENCIAS INTERNACIONALES: En el supuesto de que sea necesario para llegar al prop\u00f3sito contratado, de que sus datos vayan a ser transferidos fuera de la UE\/EEE se proteger\u00e1n adecuadamente.<\/li><li>TERCEROS: El acceso y transferencia de datos personales a terceros se llevan a cabo de acuerdo con las leyes y reglamentos aplicables y con las garant\u00edas contractuales adecuadas.<\/li><li>MARKETING DIRECTO Y COOKIES: Cumplimos con la legislaci\u00f3n aplicable en materia de publicidad y cookies.<\/li><\/ul>\n\n\n\n<p><strong>RECOGIDA Y TRATAMIENTO DE SUS DATOS PERSONALES<\/strong><\/p>\n\n\n\n<p>EURO DAVINCI CONSULTING SL, como propietaria de este sitio web, y promotora de la acci\u00f3n formativa, le informa al USUARIO que los tipos de datos que solicitar\u00e1 son datos de car\u00e1cter identificativo que m\u00e1s adelante se detallar\u00e1n. Aunque tambi\u00e9n podemos recoger eventualmente datos de forma autom\u00e1tica sobre su visita a nuestro sitio web seg\u00fan se describe en la pol\u00edtica de cookies.<\/p>\n\n\n\n<p>Lo datos personales que recogemos ya sea porque el USUARIO lo proporciona o porque nosotros lo captamos, son necesarios para la finalidad del servicio contratado. En general, recogemos y tratamos sus datos personales con el prop\u00f3sito de:<\/p>\n\n\n\n<ul class=\"wp-block-list\"><li>Proporcionar informaci\u00f3n, servicios, productos, informaci\u00f3n relevante y novedades en el sector.<\/li><li>Env\u00edo de comunicaciones.<\/li><li>Identificaci\u00f3n, proceso y archivo de la informaci\u00f3n que evidencia a la persona que recibe la formaci\u00f3n y especialmente que realiza la prueba de evaluaci\u00f3n, a fin y efectos de poder otorgar la correspondiente certificaci\u00f3n a quien ha demostrado su aptitud para ello.&nbsp;<\/li><\/ul>\n\n\n\n<p>En concreto, se tratan datos de identificaci\u00f3n: nombre completo y DNI, filiaci\u00f3n laboral o mercantil con la entidad que nos contrate, los servicios, datos de su imagen, tanto en fotograf\u00eda como en video, as\u00ed como de grabaci\u00f3n de sonido, siendo todo ello necesario para garantizar la identificaci\u00f3n de los alumnos, as\u00ed como la evidencia, ante una posible revisi\u00f3n por parte de la administraci\u00f3n publica que autoriza la emisi\u00f3n de los certificados emitidos.<\/p>\n\n\n\n<p>El tratamiento de la imagen, por si misma o combinada con un medio de identificaci\u00f3n oficial (DNI o pasaporte) es necesaria para reconocer al candidato a certificar y aprobar un determinado curso, y es imprescindible a efectos de poder otorgar la correspondiente certificaci\u00f3n.&nbsp;<\/p>\n\n\n\n<p>Es posible tambi\u00e9n que conforme el art\u00edculo 22 del Reglamento (UE) 2016\/679 del parlamento europeo y del consejo, se pueda realizar decisiones individuales automatizadas, con tecnolog\u00edas como el reconocimiento facial, motivo por el cual <strong>se solicita el consentimiento expl\u00edcito del interesado<\/strong> mediante la aprobaci\u00f3n de este texto.<\/p>\n\n\n\n<p><strong>LEGITIMIDAD EN EL TRATAMIENTO DE DATOS<\/strong><\/p>\n\n\n\n<p>El tratamiento de sus datos se realiza para el cumplimiento de obligaciones legales y contractuales establecidas entre usted ( o en su caso entre la persona jur\u00eddica que nos contrata ) y EURO DAVINCI CONSULTING SL ya sea con car\u00e1cter comercial para una posible contrataci\u00f3n de los productos que en el sitio web se exponen, ya sea para la propia ejecuci\u00f3n del contrato, o para la relaci\u00f3n comercial posterior a la contrataci\u00f3n por parte de la AEPD, para el cumplimiento.<\/p>\n\n\n\n<p>De acuerdo con la normativa de protecci\u00f3n de datos aplicable, sus datos personales podr\u00e1n tratarse siempre que:<\/p>\n\n\n\n<ul class=\"wp-block-list\"><li>Nos ha dado su consentimiento a los efectos del tratamiento. Por supuesto podr\u00e1 retirar su consentimiento en cualquier momento.<\/li><li>Por requerimiento legal.<\/li><li>Por existir un inter\u00e9s leg\u00edtimo que no se vea menoscabado por sus derechos de privacidad, como por ejemplo el env\u00edo de informaci\u00f3n comercial bien por suscripci\u00f3n a nuestra newsletter, foros o redes sociales o por su condici\u00f3n de cliente.<\/li><li>Por ser necesaria para la prestaci\u00f3n de alguno de nuestros servicios mediante relaci\u00f3n contractual entre usted y nosotros.<\/li><\/ul>\n\n\n\n<p>De acuerdo al art\u00edculo 26 de la ley Org\u00e1nica 3\/2018, respecto al tratamiento de datos con fines de archivo en inter\u00e9s p\u00fablico por parte de las Administraciones P\u00fablicas. Ser\u00e1 l\u00edcito el tratamiento por las Administraciones P\u00fablicas de datos con fines de archivo en inter\u00e9s p\u00fablico, que se someter\u00e1 a lo dispuesto en el Reglamento (UE) 2016\/679 y en la ley org\u00e1nica 3\/2018.<\/p>\n\n\n\n<p><strong>CONSERVACION DE DATOS<\/strong><\/p>\n\n\n\n<p>Los datos personales proporcionados se conservar\u00e1n durante el tiempo necesario para cumplir con la finalidad para la que se recaban y para determinar las posibles responsabilidades que se pudieran derivar de la finalidad, adem\u00e1s de los per\u00edodos establecidos en la normativa de archivos y documentaci\u00f3n.<\/p>\n\n\n\n<p>Ese tiempo ser\u00e1 como m\u00e1ximo de cinco a\u00f1os a contar desde la fecha del certificado otorgado, transcurrido ese periodo, los ficheros ser\u00e1n destruidos.<\/p>\n\n\n\n<p><strong>COMUNICACI\u00d3N DE DATOS PERSONALES<\/strong><\/p>\n\n\n\n<p>Los datos pueden ser comunicados a empresas relacionadas con EURO DAVINCI CONSULTING SL para la prestaci\u00f3n de los diversos servicios en calidad de Encargados del Tratamiento. La empresa no realizar\u00e1 ninguna cesi\u00f3n, al margen de las necesarias ya expuestas, salvo por obligaci\u00f3n legal.<\/p>\n\n\n\n<p>Se informa al interesado sus datos se comunicar\u00e1n a los siguientes destinatarios con objeto de cumplir con la finalidad detallada previamente:&nbsp;<\/p>\n\n\n\n<ul class=\"wp-block-list\"><li>A las entidades que desarrollen la formaci\u00f3n concretamente EURO DAVINCI CONSULTING.&nbsp;<\/li><li>A la persona jur\u00eddica que nos ha contratado, todo ello en el seno de una relaci\u00f3n laboral o mercantil que compete a terceros.<\/li><li>A la Agencia Espa\u00f1ola de Seguridad A\u00e9rea (AESA)&nbsp;<\/li><li>A otras administraciones por ministerio de la Ley<\/li><\/ul>\n\n\n\n<p><strong>SUS DERECHOS COMO USUARIO EN RELACION A LA POLITICA DE PRIVACIDAD<\/strong><\/p>\n\n\n\n<p>En relaci\u00f3n con la recogida y tratamiento de sus datos personales, puede ponerse en contacto con nosotros en cualquier momento para:<\/p>\n\n\n\n<ul class=\"wp-block-list\"><li>Acceder a sus datos personales y a cualquier otra informaci\u00f3n indicada en el Art\u00edculo 15.1 del RGPD.<\/li><li>Rectificar sus datos personales que sean inexactos o est\u00e9n incompletos de acuerdo con el Art\u00edculo 16 del RGPD.<\/li><li>Suprimir sus datos personales de acuerdo con el Art\u00edculo 17 del RGPD.<\/li><li>Limitar el tratamiento de sus datos personales de acuerdo con el Art\u00edculo 18 del RGPD.<\/li><li>Solicitar la portabilidad de sus datos de acuerdo con el Art\u00edculo 20 del&nbsp;<a href=\"https:\/\/presencialismo.com\/\">RGPD<\/a>.<\/li><li>Oponerse al tratamiento de sus datos personales de acuerdo con el art\u00edculo 21 del RGPD.<\/li><\/ul>\n\n\n\n<p><strong>Destinatarios:<\/strong> Los datos ser\u00e1n objeto de cesi\u00f3n a la AESA siendo necesario para la gesti\u00f3n de la realizaci\u00f3n de los ex\u00e1menes as\u00ed como la tramitaci\u00f3n de los correspondientes certificados.<\/p>\n\n\n\n<p><strong>Conservaci\u00f3n:<\/strong> Durante no m\u00e1s tiempo del necesario para mantener el fin del tratamiento y\/o mientras existan prescripciones legales que dictaminen su custodia. Tal como se ha dicho, ese plazo m\u00e1ximo es de cinco a\u00f1os.<\/p>\n\n\n\n<p><strong>Derechos:<\/strong> Podr\u00e1 ejercer, en los t\u00e9rminos establecidos por la normativa vigente, los derechos de acceso, rectificaci\u00f3n y supresi\u00f3n de sus datos personales, as\u00ed como solicitar que se limite el tratamiento de los mismos, oponerse a dicho tratamiento o solicitar la portabilidad de sus datos personales, dirigiendo una comunicaci\u00f3n al responsable del tratamiento correspondiente de la siguiente manera:<\/p>\n\n\n\n<ul class=\"wp-block-list\"><li><strong>Por sede electr\u00f3nica:<\/strong> en el correo <a href=\"about:blank\">electr\u00f3nico <\/a>&nbsp;<a href=\"mailto:rgpd.avsaf@gmail.es\">rgpd.avsaf@gmail.es<\/a><\/li><li><strong>Presencialmente <\/strong>En la sede social de la empresa EURO DAVINCI CONSULTING SL<\/li><\/ul>\n\n\n\n<p>Si ha otorgado su consentimiento para alguna finalidad concreta, tiene derecho a retirar el consentimiento otorgado en cualquier momento, sin que ello afecte a la licitud del tratamiento basado en el consentimiento previo a su retirada.<\/p>\n\n\n\n<p>Puede ejercer estos derechos enviando comunicaci\u00f3n, motivada y acreditada, a&nbsp;<a href=\"mailto:rgpd.avsaf@gmail.es\">rgpd.avsaf@gmail.es<\/a><\/p>\n\n\n\n<p>Tambi\u00e9n tiene derecho a presentar una reclamaci\u00f3n ante la Autoridad de control competente (<a href=\"https:\/\/aepd.es\/\">www.aepd.es<\/a>) si considera que el tratamiento no se ajusta a la normativa vigente.<\/p>\n\n\n\n<p><strong>INFORMACI\u00d3N LEGAL<\/strong><\/p>\n\n\n\n<p>Los requisitos de esta Pol\u00edtica complementan, y no reemplazan, cualquier otro requisito existente bajo la ley de protecci\u00f3n de datos aplicable, que ser\u00e1 la que prevalezca, en cualquier caso.<\/p>\n\n\n\n<p>Esta Pol\u00edtica est\u00e1 sujeta a revisiones peri\u00f3dicas y la empresa puede modificarla en cualquier momento. Cuando esto ocurra, le avisaremos de cualquier cambio y le pediremos que vuelva a leer la versi\u00f3n m\u00e1s reciente de nuestra Pol\u00edtica y que confirme su aceptaci\u00f3n.<\/p>\n\t\t\t\t\t\t\t\t<\/div>\n\t\t\t\t<\/div>\n\t\t\t\t\t<\/div>\n\t\t<\/div>\n\t\t\t\t\t<\/div>\n\t\t<\/section>\n\t\t\t\t<\/div>","protected":false},"excerpt":{"rendered":"<p>POL\u00cdTICAS DE PRIVACIDAD CLAUSULAS DE PROTECCION DE DATOS DE CARACTER PERSONAL&nbsp; ENTIDAD PRESTADORA DEL SERVICIO: EURO DAVINCI CONSULTING SL&nbsp; De acuerdo con lo dispuesto en el Reglamento (UE) 2016\/679 del Parlamento Europeo y del Consejo, de 27 de abril de 2016, relativo a la protecci\u00f3n de las personas f\u00edsicas en lo que respecta al tratamiento [&hellip;]<\/p>","protected":false},"author":1,"featured_media":0,"parent":0,"menu_order":0,"comment_status":"closed","ping_status":"closed","template":"elementor_header_footer","meta":{"footnotes":""},"class_list":["post-313","page","type-page","status-publish","hentry"],"yoast_head":"<!-- This site is optimized with the Yoast SEO plugin v25.3.1 - https:\/\/yoast.com\/wordpress\/plugins\/seo\/ -->\n<title>Pol\u00edticas de privacidad - avsaf<\/title>\n<meta name=\"robots\" content=\"index, follow, max-snippet:-1, max-image-preview:large, max-video-preview:-1\" \/>\n<link rel=\"canonical\" href=\"https:\/\/avsaf.tienda\/en\/politicas-de-privacidad\/\" \/>\n<meta property=\"og:locale\" content=\"en_US\" \/>\n<meta property=\"og:type\" content=\"article\" \/>\n<meta property=\"og:title\" content=\"Pol\u00edticas de privacidad - avsaf\" \/>\n<meta property=\"og:description\" content=\"POL\u00cdTICAS DE PRIVACIDAD CLAUSULAS DE PROTECCION DE DATOS DE CARACTER PERSONAL&nbsp; ENTIDAD PRESTADORA DEL SERVICIO: EURO DAVINCI CONSULTING SL&nbsp; De acuerdo con lo dispuesto en el Reglamento (UE) 2016\/679 del Parlamento Europeo y del Consejo, de 27 de abril de 2016, relativo a la protecci\u00f3n de las personas f\u00edsicas en lo que respecta al tratamiento [&hellip;]\" \/>\n<meta property=\"og:url\" content=\"https:\/\/avsaf.tienda\/en\/politicas-de-privacidad\/\" \/>\n<meta property=\"og:site_name\" content=\"avsaf\" \/>\n<meta property=\"article:publisher\" content=\"https:\/\/www.facebook.com\/people\/AVSAF\/100086566488289\/\" \/>\n<meta property=\"article:modified_time\" content=\"2022-08-25T13:43:58+00:00\" \/>\n<meta name=\"twitter:card\" content=\"summary_large_image\" \/>\n<meta name=\"twitter:site\" content=\"@AvsafEs\" \/>\n<meta name=\"twitter:label1\" content=\"Est. reading time\" \/>\n\t<meta name=\"twitter:data1\" content=\"10 minutes\" \/>\n<script type=\"application\/ld+json\" class=\"yoast-schema-graph\">{\"@context\":\"https:\/\/schema.org\",\"@graph\":[{\"@type\":\"WebPage\",\"@id\":\"https:\/\/avsaf.tienda\/politicas-de-privacidad\/\",\"url\":\"https:\/\/avsaf.tienda\/politicas-de-privacidad\/\",\"name\":\"Pol\u00edticas de privacidad - avsaf\",\"isPartOf\":{\"@id\":\"https:\/\/avsaf.tienda\/#website\"},\"datePublished\":\"2022-08-24T19:06:09+00:00\",\"dateModified\":\"2022-08-25T13:43:58+00:00\",\"breadcrumb\":{\"@id\":\"https:\/\/avsaf.tienda\/politicas-de-privacidad\/#breadcrumb\"},\"inLanguage\":\"en-US\",\"potentialAction\":[{\"@type\":\"ReadAction\",\"target\":[\"https:\/\/avsaf.tienda\/politicas-de-privacidad\/\"]}]},{\"@type\":\"BreadcrumbList\",\"@id\":\"https:\/\/avsaf.tienda\/politicas-de-privacidad\/#breadcrumb\",\"itemListElement\":[{\"@type\":\"ListItem\",\"position\":1,\"name\":\"Portada\",\"item\":\"https:\/\/avsaf.tienda\/\"},{\"@type\":\"ListItem\",\"position\":2,\"name\":\"Pol\u00edticas de privacidad\"}]},{\"@type\":\"WebSite\",\"@id\":\"https:\/\/avsaf.tienda\/#website\",\"url\":\"https:\/\/avsaf.tienda\/\",\"name\":\"avsaf\",\"description\":\"\",\"publisher\":{\"@id\":\"https:\/\/avsaf.tienda\/#organization\"},\"potentialAction\":[{\"@type\":\"SearchAction\",\"target\":{\"@type\":\"EntryPoint\",\"urlTemplate\":\"https:\/\/avsaf.tienda\/?s={search_term_string}\"},\"query-input\":{\"@type\":\"PropertyValueSpecification\",\"valueRequired\":true,\"valueName\":\"search_term_string\"}}],\"inLanguage\":\"en-US\"},{\"@type\":\"Organization\",\"@id\":\"https:\/\/avsaf.tienda\/#organization\",\"name\":\"AVSAF\",\"url\":\"https:\/\/avsaf.tienda\/\",\"logo\":{\"@type\":\"ImageObject\",\"inLanguage\":\"en-US\",\"@id\":\"https:\/\/avsaf.tienda\/#\/schema\/logo\/image\/\",\"url\":\"https:\/\/avsaf.tienda\/wp-content\/uploads\/2022\/10\/IMAGOTIPO.png\",\"contentUrl\":\"https:\/\/avsaf.tienda\/wp-content\/uploads\/2022\/10\/IMAGOTIPO.png\",\"width\":551,\"height\":471,\"caption\":\"AVSAF\"},\"image\":{\"@id\":\"https:\/\/avsaf.tienda\/#\/schema\/logo\/image\/\"},\"sameAs\":[\"https:\/\/www.facebook.com\/people\/AVSAF\/100086566488289\/\",\"https:\/\/x.com\/AvsafEs\",\"https:\/\/www.linkedin.com\/company\/avsaf\/\",\"https:\/\/www.instagram.com\/avsaf_oficial\/\"]}]}<\/script>\n<!-- \/ Yoast SEO plugin. -->","yoast_head_json":{"title":"Pol\u00edticas de privacidad - avsaf","robots":{"index":"index","follow":"follow","max-snippet":"max-snippet:-1","max-image-preview":"max-image-preview:large","max-video-preview":"max-video-preview:-1"},"canonical":"https:\/\/avsaf.tienda\/en\/politicas-de-privacidad\/","og_locale":"en_US","og_type":"article","og_title":"Pol\u00edticas de privacidad - avsaf","og_description":"POL\u00cdTICAS DE PRIVACIDAD CLAUSULAS DE PROTECCION DE DATOS DE CARACTER PERSONAL&nbsp; ENTIDAD PRESTADORA DEL SERVICIO: EURO DAVINCI CONSULTING SL&nbsp; De acuerdo con lo dispuesto en el Reglamento (UE) 2016\/679 del Parlamento Europeo y del Consejo, de 27 de abril de 2016, relativo a la protecci\u00f3n de las personas f\u00edsicas en lo que respecta al tratamiento [&hellip;]","og_url":"https:\/\/avsaf.tienda\/en\/politicas-de-privacidad\/","og_site_name":"avsaf","article_publisher":"https:\/\/www.facebook.com\/people\/AVSAF\/100086566488289\/","article_modified_time":"2022-08-25T13:43:58+00:00","twitter_card":"summary_large_image","twitter_site":"@AvsafEs","twitter_misc":{"Est. reading time":"10 minutes"},"schema":{"@context":"https:\/\/schema.org","@graph":[{"@type":"WebPage","@id":"https:\/\/avsaf.tienda\/politicas-de-privacidad\/","url":"https:\/\/avsaf.tienda\/politicas-de-privacidad\/","name":"Pol\u00edticas de privacidad - avsaf","isPartOf":{"@id":"https:\/\/avsaf.tienda\/#website"},"datePublished":"2022-08-24T19:06:09+00:00","dateModified":"2022-08-25T13:43:58+00:00","breadcrumb":{"@id":"https:\/\/avsaf.tienda\/politicas-de-privacidad\/#breadcrumb"},"inLanguage":"en-US","potentialAction":[{"@type":"ReadAction","target":["https:\/\/avsaf.tienda\/politicas-de-privacidad\/"]}]},{"@type":"BreadcrumbList","@id":"https:\/\/avsaf.tienda\/politicas-de-privacidad\/#breadcrumb","itemListElement":[{"@type":"ListItem","position":1,"name":"Portada","item":"https:\/\/avsaf.tienda\/"},{"@type":"ListItem","position":2,"name":"Pol\u00edticas de privacidad"}]},{"@type":"WebSite","@id":"https:\/\/avsaf.tienda\/#website","url":"https:\/\/avsaf.tienda\/","name":"avsaf","description":"","publisher":{"@id":"https:\/\/avsaf.tienda\/#organization"},"potentialAction":[{"@type":"SearchAction","target":{"@type":"EntryPoint","urlTemplate":"https:\/\/avsaf.tienda\/?s={search_term_string}"},"query-input":{"@type":"PropertyValueSpecification","valueRequired":true,"valueName":"search_term_string"}}],"inLanguage":"en-US"},{"@type":"Organization","@id":"https:\/\/avsaf.tienda\/#organization","name":"AVSAF","url":"https:\/\/avsaf.tienda\/","logo":{"@type":"ImageObject","inLanguage":"en-US","@id":"https:\/\/avsaf.tienda\/#\/schema\/logo\/image\/","url":"https:\/\/avsaf.tienda\/wp-content\/uploads\/2022\/10\/IMAGOTIPO.png","contentUrl":"https:\/\/avsaf.tienda\/wp-content\/uploads\/2022\/10\/IMAGOTIPO.png","width":551,"height":471,"caption":"AVSAF"},"image":{"@id":"https:\/\/avsaf.tienda\/#\/schema\/logo\/image\/"},"sameAs":["https:\/\/www.facebook.com\/people\/AVSAF\/100086566488289\/","https:\/\/x.com\/AvsafEs","https:\/\/www.linkedin.com\/company\/avsaf\/","https:\/\/www.instagram.com\/avsaf_oficial\/"]}]}},"_links":{"self":[{"href":"https:\/\/avsaf.tienda\/en\/wp-json\/wp\/v2\/pages\/313","targetHints":{"allow":["GET"]}}],"collection":[{"href":"https:\/\/avsaf.tienda\/en\/wp-json\/wp\/v2\/pages"}],"about":[{"href":"https:\/\/avsaf.tienda\/en\/wp-json\/wp\/v2\/types\/page"}],"author":[{"embeddable":true,"href":"https:\/\/avsaf.tienda\/en\/wp-json\/wp\/v2\/users\/1"}],"replies":[{"embeddable":true,"href":"https:\/\/avsaf.tienda\/en\/wp-json\/wp\/v2\/comments?post=313"}],"version-history":[{"count":16,"href":"https:\/\/avsaf.tienda\/en\/wp-json\/wp\/v2\/pages\/313\/revisions"}],"predecessor-version":[{"id":352,"href":"https:\/\/avsaf.tienda\/en\/wp-json\/wp\/v2\/pages\/313\/revisions\/352"}],"wp:attachment":[{"href":"https:\/\/avsaf.tienda\/en\/wp-json\/wp\/v2\/media?parent=313"}],"curies":[{"name":"wp","href":"https:\/\/api.w.org\/{rel}","templated":true}]}}