{"id":320,"date":"2022-08-24T19:54:37","date_gmt":"2022-08-24T19:54:37","guid":{"rendered":"https:\/\/avsaf.tienda\/?page_id=320"},"modified":"2022-08-25T13:59:00","modified_gmt":"2022-08-25T13:59:00","slug":"politica-de-cookies","status":"publish","type":"page","link":"https:\/\/avsaf.tienda\/en\/politica-de-cookies\/","title":{"rendered":"Pol\u00edtica de cookies"},"content":{"rendered":"<div data-elementor-type=\"wp-page\" data-elementor-id=\"320\" class=\"elementor elementor-320\" data-elementor-post-type=\"page\">\n\t\t\t\t\t\t<section class=\"elementor-section elementor-top-section elementor-element elementor-element-21adcbba elementor-section-boxed elementor-section-height-default elementor-section-height-default\" data-id=\"21adcbba\" data-element_type=\"section\">\n\t\t\t\t\t\t<div class=\"elementor-container elementor-column-gap-default\">\n\t\t\t\t\t<div class=\"elementor-column elementor-col-100 elementor-top-column elementor-element elementor-element-65f52001\" data-id=\"65f52001\" data-element_type=\"column\">\n\t\t\t<div class=\"elementor-widget-wrap elementor-element-populated\">\n\t\t\t\t\t\t<div class=\"elementor-element elementor-element-63372ef elementor-widget elementor-widget-heading\" data-id=\"63372ef\" data-element_type=\"widget\" data-widget_type=\"heading.default\">\n\t\t\t\t<div class=\"elementor-widget-container\">\n\t\t\t\t\t<h1 class=\"elementor-heading-title elementor-size-default\">POL\u00cdTICA DE COOKIES<\/h1>\t\t\t\t<\/div>\n\t\t\t\t<\/div>\n\t\t\t\t<div class=\"elementor-element elementor-element-4f975217 elementor-widget elementor-widget-text-editor\" data-id=\"4f975217\" data-element_type=\"widget\" data-widget_type=\"text-editor.default\">\n\t\t\t\t<div class=\"elementor-widget-container\">\n\t\t\t\t\t\t\t\t\t\n<p>Le informamos de que en <a href=\"https:\/\/www.avsaf.com\/\" target=\"_blank\" rel=\"noreferrer noopener\">www.avsaf.com<\/a> utilizamos cookies con objeto de facilitar el uso y navegaci\u00f3n a trav\u00e9s de la p\u00e1gina web y mejorar la calidad de la p\u00e1gina de acuerdo a los h\u00e1bitos y estilos de navegaci\u00f3n de los usuarios.<\/p>\n\n\n\n<h2 class=\"wp-block-heading\">1. \u00bfQu\u00e9 son las cookies?<\/h2>\n\n\n\n<p>Son ficheros que se descargan en el ordenador, Smartphone o tableta del usuario cuando accede a una p\u00e1gina web y que permiten al titular de dicha p\u00e1gina almacenar o recuperar determinada informaci\u00f3n sobre m\u00faltiples variables, como por ejemplo; el n\u00famero de veces que la p\u00e1gina ha sido visitada por el usuario, garantizar la sesi\u00f3n del usuario mientras navega por la p\u00e1gina, etc.<\/p>\n\n\n\n<h2 class=\"wp-block-heading\">2. Tipolog\u00eda de cookies<\/h2>\n\n\n\n<p>A continuaci\u00f3n se ofrece informaci\u00f3n sobre el tipo de cookies y la finalidad de las mismas:<\/p>\n\n\n\n<h3 class=\"wp-block-heading\">2.1. Tipos de cookies seg\u00fan la entidad que las gestione<\/h3>\n\n\n\n<p>Seg\u00fan quien sea la entidad que gestione el equipo o dominio desde donde se env\u00edan las cookies y trate los datos que se obtengan, podemos distinguir:<br>Cookies propias: Son aquellas que se env\u00edan al equipo terminal del usuario desde <a href=\"https:\/\/www.avsaf.com\/\">www.avsaf.com.<\/a><br>Cookies de terceros: Son aquellas que se env\u00edan al equipo terminal del usuario desde un equipo o dominio que no es gestionado por el editor, sino por otra entidad que trata los datos obtenidos trav\u00e9s de las cookies, como <a href=\"http:\/\/www.google.com.\/\">www.google.com.<\/a><\/p>\n\n\n\n<h3 class=\"wp-block-heading\">2.2. Tipos de cookies seg\u00fan el plazo de tiempo que permanecen activadas en el equipo<\/h3>\n\n\n\n<p>Cookies de sesi\u00f3n: Son un tipo de cookies dise\u00f1adas para recabar y almacenar datos mientras el usuario accede a una p\u00e1gina web. Estas cookies se almacenan en el terminal hasta que finalice la sesi\u00f3n de navegaci\u00f3n del usuario.<\/p>\n\n\n\n<p>Cookies persistentes: Son un tipo de cookies en el que los datos siguen almacenados en el terminal y pueden ser accedidos y tratados durante un periodo definido por el responsable de la cookie, que puede ir de unos minutos a varios a\u00f1os.<\/p>\n\n\n\n<h3 class=\"wp-block-heading\">2.3. Tipos de cookies seg\u00fan su finalidad<\/h3>\n\n\n\n<p>Cookies t\u00e9cnicas: Permiten al usuario la navegaci\u00f3n a trav\u00e9s de la p\u00e1gina web o la plataforma y la utilizaci\u00f3n de las diferentes opciones o servicios que en ella existan como, por ejemplo, controlar el tr\u00e1fico y la comunicaci\u00f3n de datos, identificar la sesi\u00f3n, acceder a partes de acceso restringido, utilizar elementos de seguridad durante la navegaci\u00f3n o almacenar contenidos para la difusi\u00f3n de videos o sonido o compartir contenidos a trav\u00e9s de redes sociales. Se trata de cookies de sesi\u00f3n y persistentes.<\/p>\n\n\n\n<p>Cookies de personalizaci\u00f3n: Permiten al usuario acceder al servicio con algunas caracter\u00edsticas predefinidas en funci\u00f3n de una serie de criterios en el terminal del usuario como por ejemplo, el tipo de navegador a trav\u00e9s del cual accede al servicio, la configuraci\u00f3n regional desde donde accede al servicio, etc. Terceros como Google, Youtube o Twitter usan este tipo de cookies de personalizaci\u00f3n persistentes respecto de sus servicios.<\/p>\n\n\n\n<p>Cookies anal\u00edticas: Son aquellas que permiten cuantificar el n\u00famero de usuarios y as\u00ed realizar la medici\u00f3n y an\u00e1lisis estad\u00edstico de la utilizaci\u00f3n que hacen los usuarios de nuestra web. Para ello se analiza su navegaci\u00f3n en nuestra p\u00e1gina web con el fin de mejorarla. En <a href=\"https:\/\/www.avsaf.com\/\">www.avsaf.com<\/a> se utilizan cookies anal\u00edticas, propias, de sesi\u00f3n y persistentes, para esta finalidad, concretamente cookies de Google Analytics que tienen distintos plazos de caducidad en funci\u00f3n de la informaci\u00f3n que nos ofrecen. Terceros como Google, Youtube o Twitter tambi\u00e9n usan este tipo de cookies anal\u00edticas de sesi\u00f3n y persistentes.<\/p>\n\n\n\n<h2 class=\"wp-block-heading\">3. \u00bfQui\u00e9n utiliza las cookies?<\/h2>\n\n\n\n<p>La informaci\u00f3n que se recaba a trav\u00e9s de las cookies de una p\u00e1gina web puede ser utilizada tanto por el titular de la p\u00e1gina web o por un tercero que preste un servicio al titular.<\/p>\n\n\n\n<p>En este sentido, la informaci\u00f3n de las cookies utilizadas en <a href=\"https:\/\/www.avsaf.com\/\">www.avsaf.com<\/a> es tratada por el Ministerio de Asuntos Exteriores, Uni\u00f3n Europea y Cooperaci\u00f3n y por un tercero, en concreto, Google a trav\u00e9s de su servicio de Google Analytics. As\u00ed, la p\u00e1gina web del Ministerio de Exteriores, Uni\u00f3n Europea y Cooperaci\u00f3n utiliza un servicio de anal\u00edtica web que instala cookies temporalmente con la \u00fanica y exclusiva finalidad de elaborar informes de car\u00e1cter estad\u00edstico (Google Analytics). La principal cookie que utiliza Google Analytics es \u201c_ga\u201d.<\/p>\n\n\n\n<h2 class=\"wp-block-heading\">4. Gesti\u00f3n de las cookies<\/h2>\n\n\n\n<p>Teniendo en cuenta la informaci\u00f3n facilitada a trav\u00e9s de la presente Pol\u00edtica de cookies, a continuaci\u00f3n le ofrecemos informaci\u00f3n sobre c\u00f3mo puede llevar a cabo la gesti\u00f3n de las cookies utilizadas en <a href=\"http:\/\/www.avsaf.com\/\">www.avsaf.com.<\/a> a trav\u00e9s de las diferentes opciones que ofrecen los navegadores m\u00e1s comunes (Explorer, Firefox y Chrome). Si se impide la instalaci\u00f3n de todas las cookies de la p\u00e1gina web, algunas funcionalidades de la misma, as\u00ed como algunos contenidos pueden verse afectados.<\/p>\n\n\n\n<h3 class=\"wp-block-heading\">4.1. C\u00f3mo visualizar las cookies<\/h3>\n\n\n\n<p>Todos los navegadores ofrecen al usuario la posibilidad de buscar y visualizar las cookies que instala un determinado sitio web, obtener informaci\u00f3n relativa a la duraci\u00f3n de las mismas y la posibilidad de eliminarlas, tal y como se indica en el siguiente apartado. A continuaci\u00f3n, se muestran una serie de enlaces informativos sobre esta cuesti\u00f3n de los navegadores m\u00e1s utilizados:<\/p>\n\n\n\n<p>Google Chrome: <a href=\"https:\/\/support.google.com\/chrome\/answer\/95647?hl=es\">https:\/\/support.google.com\/chrome\/answer\/95647?hl=es<\/a><\/p>\n\n\n\n<p>Mozilla Firefox: <a href=\"https:\/\/support.mozilla.org\/es\/kb\/cookies-informacion-que-los-sitios-web-guardan-en-\">https:\/\/support.mozilla.org\/es\/kb\/cookies-informacion-que-los-sitios-web-guardan-en-<\/a><\/p>\n\n\n\n<p>Internet Explorer: <a href=\"https:\/\/support.google.com\/chrome\/answer\/95647?hl=es\">http:\/\/windows.microsoft.com\/es-es\/internet-explorer\/delete-manage-cookies#ie=ie-11<\/a><\/p>\n\n\n\n<h3 class=\"wp-block-heading\">4.2. C\u00f3mo desactivar o eliminar las cookies<\/h3>\n\n\n\n<p>Para desactivar, restringir, bloquear o eliminar las cookies, el usuario deber\u00e1 modificar la configuraci\u00f3n del navegador que utilice en su terminal, ya sea ordenador, smartphone o tablet. Con car\u00e1cter general los navegadores ofrecen las siguientes opciones de configuraci\u00f3n en relaci\u00f3n a la instalaci\u00f3n de cookies:<\/p>\n\n\n\n<p>Que el navegador rechace todas las cookies y por lo tanto, que no se instale ninguna cookie de ninguna p\u00e1gina web en su terminal.<\/p>\n\n\n\n<p>Que el navegador le avise antes de que se produzca la instalaci\u00f3n de la cookie para que usted decida si acepta o no la instalaci\u00f3n de la misma.<\/p>\n\n\n\n<p>Que el navegador \u00fanicamente rechace las cookies de terceros de los sitios web que visita pero no las utilizadas por el sitio web por el que usted navega.<\/p>\n\n\n\n<p>La opci\u00f3n de navegaci\u00f3n en modo privado mediante la cual, las cookies se instalan en el terminal pero se elimina de manera autom\u00e1tica cuando finaliza la navegaci\u00f3n por la p\u00e1gina web:<\/p>\n\n\n\n<p>Google Chrome: <a href=\"https:\/\/support.google.com\/chrome\/answer\/95464?hl=es\">https:\/\/support.google.com\/chrome\/answer\/95464?hl=es<\/a><\/p>\n\n\n\n<p>Mozilla Firefox: <a href=\"https:\/\/support.mozilla.org\/es\/kb\/navegacion-privada-Firefox-no-guardar-historial-navegacion\">https:\/\/support.mozilla.org\/es\/kb\/navegacion-privada-Firefox-no-guardar-historial-navegacion<\/a><\/p>\n\n\n\n<p>Internet Explorer: <a href=\"http:\/\/windows.microsoft.com\/es-ES\/windows-8\/help-protect-yourself-ie-10?ocid=IE10_priv_browsing#firstTabControl=tab1\">http:\/\/windows.microsoft.com\/es-ES\/windows-8\/help-protect-yourself-ie-10?ocid=IE10_priv_browsing#firstTabControl=tab1<\/a><\/p>\n\t\t\t\t\t\t\t\t<\/div>\n\t\t\t\t<\/div>\n\t\t\t\t\t<\/div>\n\t\t<\/div>\n\t\t\t\t\t<\/div>\n\t\t<\/section>\n\t\t\t\t<\/div>","protected":false},"excerpt":{"rendered":"<p>POL\u00cdTICA DE COOKIES Le informamos de que en www.avsaf.com utilizamos cookies con objeto de facilitar el uso y navegaci\u00f3n a trav\u00e9s de la p\u00e1gina web y mejorar la calidad de la p\u00e1gina de acuerdo a los h\u00e1bitos y estilos de navegaci\u00f3n de los usuarios. 1. \u00bfQu\u00e9 son las cookies? Son ficheros que se descargan en [&hellip;]<\/p>","protected":false},"author":1,"featured_media":0,"parent":0,"menu_order":0,"comment_status":"closed","ping_status":"closed","template":"elementor_header_footer","meta":{"footnotes":""},"class_list":["post-320","page","type-page","status-publish","hentry"],"yoast_head":"<!-- This site is optimized with the Yoast SEO plugin v25.3.1 - https:\/\/yoast.com\/wordpress\/plugins\/seo\/ -->\n<title>Pol\u00edtica de cookies - avsaf<\/title>\n<meta name=\"robots\" content=\"index, follow, max-snippet:-1, max-image-preview:large, max-video-preview:-1\" \/>\n<link rel=\"canonical\" href=\"https:\/\/avsaf.tienda\/en\/politica-de-cookies\/\" \/>\n<meta property=\"og:locale\" content=\"en_US\" \/>\n<meta property=\"og:type\" content=\"article\" \/>\n<meta property=\"og:title\" content=\"Pol\u00edtica de cookies - avsaf\" \/>\n<meta property=\"og:description\" content=\"POL\u00cdTICA DE COOKIES Le informamos de que en www.avsaf.com utilizamos cookies con objeto de facilitar el uso y navegaci\u00f3n a trav\u00e9s de la p\u00e1gina web y mejorar la calidad de la p\u00e1gina de acuerdo a los h\u00e1bitos y estilos de navegaci\u00f3n de los usuarios. 1. \u00bfQu\u00e9 son las cookies? Son ficheros que se descargan en [&hellip;]\" \/>\n<meta property=\"og:url\" content=\"https:\/\/avsaf.tienda\/en\/politica-de-cookies\/\" \/>\n<meta property=\"og:site_name\" content=\"avsaf\" \/>\n<meta property=\"article:publisher\" content=\"https:\/\/www.facebook.com\/people\/AVSAF\/100086566488289\/\" \/>\n<meta property=\"article:modified_time\" content=\"2022-08-25T13:59:00+00:00\" \/>\n<meta name=\"twitter:card\" content=\"summary_large_image\" \/>\n<meta name=\"twitter:site\" content=\"@AvsafEs\" \/>\n<meta name=\"twitter:label1\" content=\"Est. reading time\" \/>\n\t<meta name=\"twitter:data1\" content=\"5 minutes\" \/>\n<script type=\"application\/ld+json\" class=\"yoast-schema-graph\">{\"@context\":\"https:\/\/schema.org\",\"@graph\":[{\"@type\":\"WebPage\",\"@id\":\"https:\/\/avsaf.tienda\/politica-de-cookies\/\",\"url\":\"https:\/\/avsaf.tienda\/politica-de-cookies\/\",\"name\":\"Pol\u00edtica de cookies - avsaf\",\"isPartOf\":{\"@id\":\"https:\/\/avsaf.tienda\/#website\"},\"datePublished\":\"2022-08-24T19:54:37+00:00\",\"dateModified\":\"2022-08-25T13:59:00+00:00\",\"breadcrumb\":{\"@id\":\"https:\/\/avsaf.tienda\/politica-de-cookies\/#breadcrumb\"},\"inLanguage\":\"en-US\",\"potentialAction\":[{\"@type\":\"ReadAction\",\"target\":[\"https:\/\/avsaf.tienda\/politica-de-cookies\/\"]}]},{\"@type\":\"BreadcrumbList\",\"@id\":\"https:\/\/avsaf.tienda\/politica-de-cookies\/#breadcrumb\",\"itemListElement\":[{\"@type\":\"ListItem\",\"position\":1,\"name\":\"Portada\",\"item\":\"https:\/\/avsaf.tienda\/\"},{\"@type\":\"ListItem\",\"position\":2,\"name\":\"Pol\u00edtica de cookies\"}]},{\"@type\":\"WebSite\",\"@id\":\"https:\/\/avsaf.tienda\/#website\",\"url\":\"https:\/\/avsaf.tienda\/\",\"name\":\"avsaf\",\"description\":\"\",\"publisher\":{\"@id\":\"https:\/\/avsaf.tienda\/#organization\"},\"potentialAction\":[{\"@type\":\"SearchAction\",\"target\":{\"@type\":\"EntryPoint\",\"urlTemplate\":\"https:\/\/avsaf.tienda\/?s={search_term_string}\"},\"query-input\":{\"@type\":\"PropertyValueSpecification\",\"valueRequired\":true,\"valueName\":\"search_term_string\"}}],\"inLanguage\":\"en-US\"},{\"@type\":\"Organization\",\"@id\":\"https:\/\/avsaf.tienda\/#organization\",\"name\":\"AVSAF\",\"url\":\"https:\/\/avsaf.tienda\/\",\"logo\":{\"@type\":\"ImageObject\",\"inLanguage\":\"en-US\",\"@id\":\"https:\/\/avsaf.tienda\/#\/schema\/logo\/image\/\",\"url\":\"https:\/\/avsaf.tienda\/wp-content\/uploads\/2022\/10\/IMAGOTIPO.png\",\"contentUrl\":\"https:\/\/avsaf.tienda\/wp-content\/uploads\/2022\/10\/IMAGOTIPO.png\",\"width\":551,\"height\":471,\"caption\":\"AVSAF\"},\"image\":{\"@id\":\"https:\/\/avsaf.tienda\/#\/schema\/logo\/image\/\"},\"sameAs\":[\"https:\/\/www.facebook.com\/people\/AVSAF\/100086566488289\/\",\"https:\/\/x.com\/AvsafEs\",\"https:\/\/www.linkedin.com\/company\/avsaf\/\",\"https:\/\/www.instagram.com\/avsaf_oficial\/\"]}]}<\/script>\n<!-- \/ Yoast SEO plugin. -->","yoast_head_json":{"title":"Pol\u00edtica de cookies - avsaf","robots":{"index":"index","follow":"follow","max-snippet":"max-snippet:-1","max-image-preview":"max-image-preview:large","max-video-preview":"max-video-preview:-1"},"canonical":"https:\/\/avsaf.tienda\/en\/politica-de-cookies\/","og_locale":"en_US","og_type":"article","og_title":"Pol\u00edtica de cookies - avsaf","og_description":"POL\u00cdTICA DE COOKIES Le informamos de que en www.avsaf.com utilizamos cookies con objeto de facilitar el uso y navegaci\u00f3n a trav\u00e9s de la p\u00e1gina web y mejorar la calidad de la p\u00e1gina de acuerdo a los h\u00e1bitos y estilos de navegaci\u00f3n de los usuarios. 1. \u00bfQu\u00e9 son las cookies? Son ficheros que se descargan en [&hellip;]","og_url":"https:\/\/avsaf.tienda\/en\/politica-de-cookies\/","og_site_name":"avsaf","article_publisher":"https:\/\/www.facebook.com\/people\/AVSAF\/100086566488289\/","article_modified_time":"2022-08-25T13:59:00+00:00","twitter_card":"summary_large_image","twitter_site":"@AvsafEs","twitter_misc":{"Est. reading time":"5 minutes"},"schema":{"@context":"https:\/\/schema.org","@graph":[{"@type":"WebPage","@id":"https:\/\/avsaf.tienda\/politica-de-cookies\/","url":"https:\/\/avsaf.tienda\/politica-de-cookies\/","name":"Pol\u00edtica de cookies - avsaf","isPartOf":{"@id":"https:\/\/avsaf.tienda\/#website"},"datePublished":"2022-08-24T19:54:37+00:00","dateModified":"2022-08-25T13:59:00+00:00","breadcrumb":{"@id":"https:\/\/avsaf.tienda\/politica-de-cookies\/#breadcrumb"},"inLanguage":"en-US","potentialAction":[{"@type":"ReadAction","target":["https:\/\/avsaf.tienda\/politica-de-cookies\/"]}]},{"@type":"BreadcrumbList","@id":"https:\/\/avsaf.tienda\/politica-de-cookies\/#breadcrumb","itemListElement":[{"@type":"ListItem","position":1,"name":"Portada","item":"https:\/\/avsaf.tienda\/"},{"@type":"ListItem","position":2,"name":"Pol\u00edtica de cookies"}]},{"@type":"WebSite","@id":"https:\/\/avsaf.tienda\/#website","url":"https:\/\/avsaf.tienda\/","name":"avsaf","description":"","publisher":{"@id":"https:\/\/avsaf.tienda\/#organization"},"potentialAction":[{"@type":"SearchAction","target":{"@type":"EntryPoint","urlTemplate":"https:\/\/avsaf.tienda\/?s={search_term_string}"},"query-input":{"@type":"PropertyValueSpecification","valueRequired":true,"valueName":"search_term_string"}}],"inLanguage":"en-US"},{"@type":"Organization","@id":"https:\/\/avsaf.tienda\/#organization","name":"AVSAF","url":"https:\/\/avsaf.tienda\/","logo":{"@type":"ImageObject","inLanguage":"en-US","@id":"https:\/\/avsaf.tienda\/#\/schema\/logo\/image\/","url":"https:\/\/avsaf.tienda\/wp-content\/uploads\/2022\/10\/IMAGOTIPO.png","contentUrl":"https:\/\/avsaf.tienda\/wp-content\/uploads\/2022\/10\/IMAGOTIPO.png","width":551,"height":471,"caption":"AVSAF"},"image":{"@id":"https:\/\/avsaf.tienda\/#\/schema\/logo\/image\/"},"sameAs":["https:\/\/www.facebook.com\/people\/AVSAF\/100086566488289\/","https:\/\/x.com\/AvsafEs","https:\/\/www.linkedin.com\/company\/avsaf\/","https:\/\/www.instagram.com\/avsaf_oficial\/"]}]}},"_links":{"self":[{"href":"https:\/\/avsaf.tienda\/en\/wp-json\/wp\/v2\/pages\/320","targetHints":{"allow":["GET"]}}],"collection":[{"href":"https:\/\/avsaf.tienda\/en\/wp-json\/wp\/v2\/pages"}],"about":[{"href":"https:\/\/avsaf.tienda\/en\/wp-json\/wp\/v2\/types\/page"}],"author":[{"embeddable":true,"href":"https:\/\/avsaf.tienda\/en\/wp-json\/wp\/v2\/users\/1"}],"replies":[{"embeddable":true,"href":"https:\/\/avsaf.tienda\/en\/wp-json\/wp\/v2\/comments?post=320"}],"version-history":[{"count":7,"href":"https:\/\/avsaf.tienda\/en\/wp-json\/wp\/v2\/pages\/320\/revisions"}],"predecessor-version":[{"id":366,"href":"https:\/\/avsaf.tienda\/en\/wp-json\/wp\/v2\/pages\/320\/revisions\/366"}],"wp:attachment":[{"href":"https:\/\/avsaf.tienda\/en\/wp-json\/wp\/v2\/media?parent=320"}],"curies":[{"name":"wp","href":"https:\/\/api.w.org\/{rel}","templated":true}]}}