{"id":378,"date":"2022-08-25T14:11:52","date_gmt":"2022-08-25T14:11:52","guid":{"rendered":"https:\/\/avsaf.tienda\/?post_type=product&#038;p=378"},"modified":"2022-10-05T14:22:21","modified_gmt":"2022-10-05T14:22:21","slug":"avsaf-c","status":"publish","type":"product","link":"https:\/\/avsaf.tienda\/en\/product\/avsaf-c\/","title":{"rendered":"AVSAF-C"},"content":{"rendered":"<div class=\"elementor-element elementor-element-07298d4 elementor-widget elementor-widget-text-editor\" data-id=\"07298d4\" data-element_type=\"widget\" data-widget_type=\"text-editor.default\">\n<div class=\"elementor-widget-container\">\n<div class=\"elementor-text-editor elementor-clearfix\">\n<p class=\"p1\">The AVSAF-C online course accredits the minimum knowledge in operational safety necessary for unaccompanied access to the airport movement area for the performance of tasks including those that involve the handling and driving of vehicles in this area of \u200b\u200bthe airport.<\/p>\n<p class=\"p1\">Importante: Para realizar el curso AVSAF-C es necesario tener el AVSAF-P en vigor. El temario del curso AVSAF-C incluye \u00fanicamente el M\u00f3dulo 5 \u201cCirculaci\u00f3n aeroportuaria\u201d, en el examen de AESA aparecen preguntas de los 5 m\u00f3dulos ya que un conductor por definici\u00f3n si baja del veh\u00edculo tambi\u00e9n es peat\u00f3n.<span class=\"Apple-converted-space\">\u00a0<\/span><\/p>\n<p class=\"p3\"><b>Modality:\u00a0<\/b>ONLINE.<\/p>\n<p class=\"p3\"><b>Duration:\u00a0<\/b>2h (Peatones+Conductores=5h)<\/p>\n<p class=\"p3\"><b>Assessment attempts:<\/b>\u00a0plataforma OFA (gratuitos) AESA (2 intentos).<\/p>\n<p class=\"p3\"><b>Days available from registration:<\/b>\u00a030 d\u00edas (Prorrogable de forma gratuita).<\/p>\n<p class=\"p3\"><b>Issuance of the official certificate included.<\/b><\/p>\n<p class=\"p1\"><b>Contenido:<\/b><\/p>\n<p class=\"p1\">(Requerido por la Agencia Estatal de Seguridad A\u00e9rea-AESA)<\/p>\n<ol class=\"ol1\">\n<li class=\"li4\"><span class=\"s1\">Seguridad operacional (AVSAF-P)<\/span><\/li>\n<li class=\"li4\"><span class=\"s1\">Configuraci\u00f3n de los aeropuertos (AVSAF-P)<\/span><\/li>\n<li class=\"li4\"><span class=\"s1\">Trabajar en un aeropuerto (AVSAF-P)<\/span><\/li>\n<li class=\"li4\"><span class=\"s1\">Procedimientos de los aeropuertos (AVSAF-P)<\/span><\/li>\n<li class=\"li4\"><span class=\"s1\">Circulaci\u00f3n aeroportuaria (AVSAF-C)<\/span><\/li>\n<\/ol>\n<p class=\"p1\"><b><span class=\"s2\">Proceso de certificaci\u00f3n del alumno:<span class=\"Apple-converted-space\">\u00a0<\/span><\/span><\/b><\/p>\n<p class=\"p1\">1.-Comprar el curso.<\/p>\n<p class=\"p1\">2.-De forma inmediata, se le da acceso al alumno a la plataforma e-learning Moodle.<span class=\"Apple-converted-space\">\u00a0<\/span><\/p>\n<p class=\"p1\">3.-Una vez superado el curso, el alumno ser\u00e1 presentado ante AESA para realizar el examen oficial online. (Se trata de un breve examen tipo test de 16 preguntas).<span class=\"Apple-converted-space\">\u00a0<\/span><\/p>\n<p class=\"p1\">4.-Una vez superado el examen final, el alumno podr\u00e1 descargarse el certificado oficial mediante nuestra plataforma, este certificado puede presentarse en cualquiera de los aeropuertos espa\u00f1oles.<\/p>\n<\/div>\n<\/div>\n<\/div>","protected":false},"excerpt":{"rendered":"<p>El curso online AVSAF-C acredita los conocimientos m\u00ednimos en seguridad operacional necesarios para el acceso sin acompa\u00f1amiento al \u00e1rea de movimiento de los aeropuertos para el desempe\u00f1o de tareas incluyendo aquellas que impliquen el manejo y conducci\u00f3n de veh\u00edculos en esta \u00e1rea del aeropuerto. Importante: Para realizar el curso AVSAF-C es necesario tener el AVSAF-P [&hellip;]<\/p>","protected":false},"featured_media":421,"comment_status":"open","ping_status":"closed","template":"","meta":[],"product_brand":[],"product_cat":[47],"product_tag":[],"class_list":{"0":"post-378","1":"product","2":"type-product","3":"status-publish","4":"has-post-thumbnail","6":"product_cat-es","8":"first","9":"instock","10":"downloadable","11":"virtual","12":"taxable","13":"purchasable","14":"product-type-simple"},"yoast_head":"<!-- This site is optimized with the Yoast SEO plugin v25.3.1 - https:\/\/yoast.com\/wordpress\/plugins\/seo\/ -->\n<title>AVSAF-C - avsaf<\/title>\n<meta name=\"robots\" content=\"index, follow, max-snippet:-1, max-image-preview:large, max-video-preview:-1\" \/>\n<link rel=\"canonical\" href=\"https:\/\/avsaf.tienda\/en\/product\/avsaf-c\/\" \/>\n<meta property=\"og:locale\" content=\"en_US\" \/>\n<meta property=\"og:type\" content=\"article\" \/>\n<meta property=\"og:title\" content=\"AVSAF-C - avsaf\" \/>\n<meta property=\"og:description\" content=\"El curso online AVSAF-C acredita los conocimientos m\u00ednimos en seguridad operacional necesarios para el acceso sin acompa\u00f1amiento al \u00e1rea de movimiento de los aeropuertos para el desempe\u00f1o de tareas incluyendo aquellas que impliquen el manejo y conducci\u00f3n de veh\u00edculos en esta \u00e1rea del aeropuerto. Importante: Para realizar el curso AVSAF-C es necesario tener el AVSAF-P [&hellip;]\" \/>\n<meta property=\"og:url\" content=\"https:\/\/avsaf.tienda\/en\/product\/avsaf-c\/\" \/>\n<meta property=\"og:site_name\" content=\"avsaf\" \/>\n<meta property=\"article:publisher\" content=\"https:\/\/www.facebook.com\/people\/AVSAF\/100086566488289\/\" \/>\n<meta property=\"article:modified_time\" content=\"2022-10-05T14:22:21+00:00\" \/>\n<meta property=\"og:image\" content=\"https:\/\/avsaf.tienda\/wp-content\/uploads\/2022\/08\/AVSAF-C_1.jpg\" \/>\n\t<meta property=\"og:image:width\" content=\"1613\" \/>\n\t<meta property=\"og:image:height\" content=\"1075\" \/>\n\t<meta property=\"og:image:type\" content=\"image\/jpeg\" \/>\n<meta name=\"twitter:card\" content=\"summary_large_image\" \/>\n<meta name=\"twitter:site\" content=\"@AvsafEs\" \/>\n<meta name=\"twitter:label1\" content=\"Est. reading time\" \/>\n\t<meta name=\"twitter:data1\" content=\"2 minutes\" \/>\n<script type=\"application\/ld+json\" class=\"yoast-schema-graph\">{\"@context\":\"https:\/\/schema.org\",\"@graph\":[{\"@type\":\"WebPage\",\"@id\":\"https:\/\/avsaf.tienda\/producto\/avsaf-c\/\",\"url\":\"https:\/\/avsaf.tienda\/producto\/avsaf-c\/\",\"name\":\"AVSAF-C - avsaf\",\"isPartOf\":{\"@id\":\"https:\/\/avsaf.tienda\/#website\"},\"primaryImageOfPage\":{\"@id\":\"https:\/\/avsaf.tienda\/producto\/avsaf-c\/#primaryimage\"},\"image\":{\"@id\":\"https:\/\/avsaf.tienda\/producto\/avsaf-c\/#primaryimage\"},\"thumbnailUrl\":\"https:\/\/avsaf.tienda\/wp-content\/uploads\/2022\/08\/AVSAF-C_1.jpg\",\"datePublished\":\"2022-08-25T14:11:52+00:00\",\"dateModified\":\"2022-10-05T14:22:21+00:00\",\"breadcrumb\":{\"@id\":\"https:\/\/avsaf.tienda\/producto\/avsaf-c\/#breadcrumb\"},\"inLanguage\":\"en-US\",\"potentialAction\":[{\"@type\":\"ReadAction\",\"target\":[\"https:\/\/avsaf.tienda\/producto\/avsaf-c\/\"]}]},{\"@type\":\"ImageObject\",\"inLanguage\":\"en-US\",\"@id\":\"https:\/\/avsaf.tienda\/producto\/avsaf-c\/#primaryimage\",\"url\":\"https:\/\/avsaf.tienda\/wp-content\/uploads\/2022\/08\/AVSAF-C_1.jpg\",\"contentUrl\":\"https:\/\/avsaf.tienda\/wp-content\/uploads\/2022\/08\/AVSAF-C_1.jpg\",\"width\":1613,\"height\":1075},{\"@type\":\"BreadcrumbList\",\"@id\":\"https:\/\/avsaf.tienda\/producto\/avsaf-c\/#breadcrumb\",\"itemListElement\":[{\"@type\":\"ListItem\",\"position\":1,\"name\":\"Portada\",\"item\":\"https:\/\/avsaf.tienda\/\"},{\"@type\":\"ListItem\",\"position\":2,\"name\":\"Tienda\",\"item\":\"https:\/\/avsaf.tienda\/tienda\/\"},{\"@type\":\"ListItem\",\"position\":3,\"name\":\"AVSAF-C\"}]},{\"@type\":\"WebSite\",\"@id\":\"https:\/\/avsaf.tienda\/#website\",\"url\":\"https:\/\/avsaf.tienda\/\",\"name\":\"avsaf\",\"description\":\"\",\"publisher\":{\"@id\":\"https:\/\/avsaf.tienda\/#organization\"},\"potentialAction\":[{\"@type\":\"SearchAction\",\"target\":{\"@type\":\"EntryPoint\",\"urlTemplate\":\"https:\/\/avsaf.tienda\/?s={search_term_string}\"},\"query-input\":{\"@type\":\"PropertyValueSpecification\",\"valueRequired\":true,\"valueName\":\"search_term_string\"}}],\"inLanguage\":\"en-US\"},{\"@type\":\"Organization\",\"@id\":\"https:\/\/avsaf.tienda\/#organization\",\"name\":\"AVSAF\",\"url\":\"https:\/\/avsaf.tienda\/\",\"logo\":{\"@type\":\"ImageObject\",\"inLanguage\":\"en-US\",\"@id\":\"https:\/\/avsaf.tienda\/#\/schema\/logo\/image\/\",\"url\":\"https:\/\/avsaf.tienda\/wp-content\/uploads\/2022\/10\/IMAGOTIPO.png\",\"contentUrl\":\"https:\/\/avsaf.tienda\/wp-content\/uploads\/2022\/10\/IMAGOTIPO.png\",\"width\":551,\"height\":471,\"caption\":\"AVSAF\"},\"image\":{\"@id\":\"https:\/\/avsaf.tienda\/#\/schema\/logo\/image\/\"},\"sameAs\":[\"https:\/\/www.facebook.com\/people\/AVSAF\/100086566488289\/\",\"https:\/\/x.com\/AvsafEs\",\"https:\/\/www.linkedin.com\/company\/avsaf\/\",\"https:\/\/www.instagram.com\/avsaf_oficial\/\"]}]}<\/script>\n<!-- \/ Yoast SEO plugin. -->","yoast_head_json":{"title":"AVSAF-C - avsaf","robots":{"index":"index","follow":"follow","max-snippet":"max-snippet:-1","max-image-preview":"max-image-preview:large","max-video-preview":"max-video-preview:-1"},"canonical":"https:\/\/avsaf.tienda\/en\/product\/avsaf-c\/","og_locale":"en_US","og_type":"article","og_title":"AVSAF-C - avsaf","og_description":"El curso online AVSAF-C acredita los conocimientos m\u00ednimos en seguridad operacional necesarios para el acceso sin acompa\u00f1amiento al \u00e1rea de movimiento de los aeropuertos para el desempe\u00f1o de tareas incluyendo aquellas que impliquen el manejo y conducci\u00f3n de veh\u00edculos en esta \u00e1rea del aeropuerto. Importante: Para realizar el curso AVSAF-C es necesario tener el AVSAF-P [&hellip;]","og_url":"https:\/\/avsaf.tienda\/en\/product\/avsaf-c\/","og_site_name":"avsaf","article_publisher":"https:\/\/www.facebook.com\/people\/AVSAF\/100086566488289\/","article_modified_time":"2022-10-05T14:22:21+00:00","og_image":[{"width":1613,"height":1075,"url":"https:\/\/avsaf.tienda\/wp-content\/uploads\/2022\/08\/AVSAF-C_1.jpg","type":"image\/jpeg"}],"twitter_card":"summary_large_image","twitter_site":"@AvsafEs","twitter_misc":{"Est. reading time":"2 minutes"},"schema":{"@context":"https:\/\/schema.org","@graph":[{"@type":"WebPage","@id":"https:\/\/avsaf.tienda\/producto\/avsaf-c\/","url":"https:\/\/avsaf.tienda\/producto\/avsaf-c\/","name":"AVSAF-C - avsaf","isPartOf":{"@id":"https:\/\/avsaf.tienda\/#website"},"primaryImageOfPage":{"@id":"https:\/\/avsaf.tienda\/producto\/avsaf-c\/#primaryimage"},"image":{"@id":"https:\/\/avsaf.tienda\/producto\/avsaf-c\/#primaryimage"},"thumbnailUrl":"https:\/\/avsaf.tienda\/wp-content\/uploads\/2022\/08\/AVSAF-C_1.jpg","datePublished":"2022-08-25T14:11:52+00:00","dateModified":"2022-10-05T14:22:21+00:00","breadcrumb":{"@id":"https:\/\/avsaf.tienda\/producto\/avsaf-c\/#breadcrumb"},"inLanguage":"en-US","potentialAction":[{"@type":"ReadAction","target":["https:\/\/avsaf.tienda\/producto\/avsaf-c\/"]}]},{"@type":"ImageObject","inLanguage":"en-US","@id":"https:\/\/avsaf.tienda\/producto\/avsaf-c\/#primaryimage","url":"https:\/\/avsaf.tienda\/wp-content\/uploads\/2022\/08\/AVSAF-C_1.jpg","contentUrl":"https:\/\/avsaf.tienda\/wp-content\/uploads\/2022\/08\/AVSAF-C_1.jpg","width":1613,"height":1075},{"@type":"BreadcrumbList","@id":"https:\/\/avsaf.tienda\/producto\/avsaf-c\/#breadcrumb","itemListElement":[{"@type":"ListItem","position":1,"name":"Portada","item":"https:\/\/avsaf.tienda\/"},{"@type":"ListItem","position":2,"name":"Tienda","item":"https:\/\/avsaf.tienda\/tienda\/"},{"@type":"ListItem","position":3,"name":"AVSAF-C"}]},{"@type":"WebSite","@id":"https:\/\/avsaf.tienda\/#website","url":"https:\/\/avsaf.tienda\/","name":"avsaf","description":"","publisher":{"@id":"https:\/\/avsaf.tienda\/#organization"},"potentialAction":[{"@type":"SearchAction","target":{"@type":"EntryPoint","urlTemplate":"https:\/\/avsaf.tienda\/?s={search_term_string}"},"query-input":{"@type":"PropertyValueSpecification","valueRequired":true,"valueName":"search_term_string"}}],"inLanguage":"en-US"},{"@type":"Organization","@id":"https:\/\/avsaf.tienda\/#organization","name":"AVSAF","url":"https:\/\/avsaf.tienda\/","logo":{"@type":"ImageObject","inLanguage":"en-US","@id":"https:\/\/avsaf.tienda\/#\/schema\/logo\/image\/","url":"https:\/\/avsaf.tienda\/wp-content\/uploads\/2022\/10\/IMAGOTIPO.png","contentUrl":"https:\/\/avsaf.tienda\/wp-content\/uploads\/2022\/10\/IMAGOTIPO.png","width":551,"height":471,"caption":"AVSAF"},"image":{"@id":"https:\/\/avsaf.tienda\/#\/schema\/logo\/image\/"},"sameAs":["https:\/\/www.facebook.com\/people\/AVSAF\/100086566488289\/","https:\/\/x.com\/AvsafEs","https:\/\/www.linkedin.com\/company\/avsaf\/","https:\/\/www.instagram.com\/avsaf_oficial\/"]}]}},"_links":{"self":[{"href":"https:\/\/avsaf.tienda\/en\/wp-json\/wp\/v2\/product\/378","targetHints":{"allow":["GET"]}}],"collection":[{"href":"https:\/\/avsaf.tienda\/en\/wp-json\/wp\/v2\/product"}],"about":[{"href":"https:\/\/avsaf.tienda\/en\/wp-json\/wp\/v2\/types\/product"}],"replies":[{"embeddable":true,"href":"https:\/\/avsaf.tienda\/en\/wp-json\/wp\/v2\/comments?post=378"}],"wp:featuredmedia":[{"embeddable":true,"href":"https:\/\/avsaf.tienda\/en\/wp-json\/wp\/v2\/media\/421"}],"wp:attachment":[{"href":"https:\/\/avsaf.tienda\/en\/wp-json\/wp\/v2\/media?parent=378"}],"wp:term":[{"taxonomy":"product_brand","embeddable":true,"href":"https:\/\/avsaf.tienda\/en\/wp-json\/wp\/v2\/product_brand?post=378"},{"taxonomy":"product_cat","embeddable":true,"href":"https:\/\/avsaf.tienda\/en\/wp-json\/wp\/v2\/product_cat?post=378"},{"taxonomy":"product_tag","embeddable":true,"href":"https:\/\/avsaf.tienda\/en\/wp-json\/wp\/v2\/product_tag?post=378"}],"curies":[{"name":"wp","href":"https:\/\/api.w.org\/{rel}","templated":true}]}}