{"id":380,"date":"2022-08-25T14:12:23","date_gmt":"2022-08-25T14:12:23","guid":{"rendered":"https:\/\/avsaf.tienda\/?post_type=product&#038;p=380"},"modified":"2022-10-05T14:22:15","modified_gmt":"2022-10-05T14:22:15","slug":"avsec","status":"publish","type":"product","link":"https:\/\/avsaf.tienda\/en\/product\/avsec\/","title":{"rendered":"AVSEC"},"content":{"rendered":"<div class=\"elementor-element elementor-element-cb384d0 elementor-widget elementor-widget-text-editor\" data-id=\"cb384d0\" data-element_type=\"widget\" data-widget_type=\"text-editor.default\">\n<div class=\"elementor-widget-container\">\n<div class=\"elementor-text-editor elementor-clearfix\">\n<p class=\"p1\">Curso AVSEC 11.2.6, necesario para la solicitaci\u00f3n de la acreditaci\u00f3n aeron\u00e1utica de AENA para trabajar en aeropuertos espa\u00f1oles.<\/p>\n<p class=\"p1\">Dirigido a todo el personal que vaya a desarrollar su actividad en Zona Restringida de Seguridad de un aeropuerto. Requisito indispensable para solicitar o renovar la acreditaci\u00f3n aeroportuaria.<\/p>\n<p class=\"p1 translation-block\"><span style=\"font-weight: 400\">A <strong>certified diploma<\/strong> is issued by an <strong>AVSEC<\/strong> instructor recognized by <strong>AESA<\/strong>. <\/span><\/p>\n<p class=\"p1\">AVSEC-11.2.6 AWARENESS BASIC (ZRS ACCESS)<\/p>\n<p class=\"p1 translation-block\"><strong>Modality: <\/strong>ONLINE.<\/p>\n<p class=\"p1\"><b>Assessment attempts:<\/b> Free.<\/p>\n<p class=\"p1\"><b>Days available from registration:<\/b> 90 days.<\/p>\n<p class=\"p1\"><b>Issuance of the official certificate included.<\/b><\/p>\n<\/div>\n<\/div>\n<\/div>","protected":false},"excerpt":{"rendered":"<p>Curso AVSEC 11.2.6, necesario para la solicitaci\u00f3n de la acreditaci\u00f3n aeron\u00e1utica de AENA para trabajar en aeropuertos espa\u00f1oles. Dirigido a todo el personal que vaya a desarrollar su actividad en Zona Restringida de Seguridad de un aeropuerto. Requisito indispensable para solicitar o renovar la acreditaci\u00f3n aeroportuaria. Se expide diploma certificado por un instructor AVSEC reconocido [&hellip;]<\/p>","protected":false},"featured_media":422,"comment_status":"open","ping_status":"closed","template":"","meta":[],"product_brand":[],"product_cat":[47],"product_tag":[],"class_list":{"0":"post-380","1":"product","2":"type-product","3":"status-publish","4":"has-post-thumbnail","6":"product_cat-es","8":"first","9":"instock","10":"downloadable","11":"virtual","12":"taxable","13":"purchasable","14":"product-type-simple"},"yoast_head":"<!-- This site is optimized with the Yoast SEO plugin v25.3.1 - https:\/\/yoast.com\/wordpress\/plugins\/seo\/ -->\n<title>AVSEC - avsaf<\/title>\n<meta name=\"robots\" content=\"index, follow, max-snippet:-1, max-image-preview:large, max-video-preview:-1\" \/>\n<link rel=\"canonical\" href=\"https:\/\/avsaf.tienda\/en\/product\/avsec\/\" \/>\n<meta property=\"og:locale\" content=\"en_US\" \/>\n<meta property=\"og:type\" content=\"article\" \/>\n<meta property=\"og:title\" content=\"AVSEC - avsaf\" \/>\n<meta property=\"og:description\" content=\"Curso AVSEC 11.2.6, necesario para la solicitaci\u00f3n de la acreditaci\u00f3n aeron\u00e1utica de AENA para trabajar en aeropuertos espa\u00f1oles. Dirigido a todo el personal que vaya a desarrollar su actividad en Zona Restringida de Seguridad de un aeropuerto. Requisito indispensable para solicitar o renovar la acreditaci\u00f3n aeroportuaria. Se expide diploma certificado por un instructor AVSEC reconocido [&hellip;]\" \/>\n<meta property=\"og:url\" content=\"https:\/\/avsaf.tienda\/en\/product\/avsec\/\" \/>\n<meta property=\"og:site_name\" content=\"avsaf\" \/>\n<meta property=\"article:publisher\" content=\"https:\/\/www.facebook.com\/people\/AVSAF\/100086566488289\/\" \/>\n<meta property=\"article:modified_time\" content=\"2022-10-05T14:22:15+00:00\" \/>\n<meta property=\"og:image\" content=\"https:\/\/avsaf.tienda\/wp-content\/uploads\/2022\/08\/AVSEC_2.jpg\" \/>\n\t<meta property=\"og:image:width\" content=\"1613\" \/>\n\t<meta property=\"og:image:height\" content=\"1075\" \/>\n\t<meta property=\"og:image:type\" content=\"image\/jpeg\" \/>\n<meta name=\"twitter:card\" content=\"summary_large_image\" \/>\n<meta name=\"twitter:site\" content=\"@AvsafEs\" \/>\n<meta name=\"twitter:label1\" content=\"Est. reading time\" \/>\n\t<meta name=\"twitter:data1\" content=\"1 minute\" \/>\n<script type=\"application\/ld+json\" class=\"yoast-schema-graph\">{\"@context\":\"https:\/\/schema.org\",\"@graph\":[{\"@type\":\"WebPage\",\"@id\":\"https:\/\/avsaf.tienda\/producto\/avsec\/\",\"url\":\"https:\/\/avsaf.tienda\/producto\/avsec\/\",\"name\":\"AVSEC - avsaf\",\"isPartOf\":{\"@id\":\"https:\/\/avsaf.tienda\/#website\"},\"primaryImageOfPage\":{\"@id\":\"https:\/\/avsaf.tienda\/producto\/avsec\/#primaryimage\"},\"image\":{\"@id\":\"https:\/\/avsaf.tienda\/producto\/avsec\/#primaryimage\"},\"thumbnailUrl\":\"https:\/\/avsaf.tienda\/wp-content\/uploads\/2022\/08\/AVSEC_2.jpg\",\"datePublished\":\"2022-08-25T14:12:23+00:00\",\"dateModified\":\"2022-10-05T14:22:15+00:00\",\"breadcrumb\":{\"@id\":\"https:\/\/avsaf.tienda\/producto\/avsec\/#breadcrumb\"},\"inLanguage\":\"en-US\",\"potentialAction\":[{\"@type\":\"ReadAction\",\"target\":[\"https:\/\/avsaf.tienda\/producto\/avsec\/\"]}]},{\"@type\":\"ImageObject\",\"inLanguage\":\"en-US\",\"@id\":\"https:\/\/avsaf.tienda\/producto\/avsec\/#primaryimage\",\"url\":\"https:\/\/avsaf.tienda\/wp-content\/uploads\/2022\/08\/AVSEC_2.jpg\",\"contentUrl\":\"https:\/\/avsaf.tienda\/wp-content\/uploads\/2022\/08\/AVSEC_2.jpg\",\"width\":1613,\"height\":1075},{\"@type\":\"BreadcrumbList\",\"@id\":\"https:\/\/avsaf.tienda\/producto\/avsec\/#breadcrumb\",\"itemListElement\":[{\"@type\":\"ListItem\",\"position\":1,\"name\":\"Portada\",\"item\":\"https:\/\/avsaf.tienda\/\"},{\"@type\":\"ListItem\",\"position\":2,\"name\":\"Tienda\",\"item\":\"https:\/\/avsaf.tienda\/tienda\/\"},{\"@type\":\"ListItem\",\"position\":3,\"name\":\"AVSEC\"}]},{\"@type\":\"WebSite\",\"@id\":\"https:\/\/avsaf.tienda\/#website\",\"url\":\"https:\/\/avsaf.tienda\/\",\"name\":\"avsaf\",\"description\":\"\",\"publisher\":{\"@id\":\"https:\/\/avsaf.tienda\/#organization\"},\"potentialAction\":[{\"@type\":\"SearchAction\",\"target\":{\"@type\":\"EntryPoint\",\"urlTemplate\":\"https:\/\/avsaf.tienda\/?s={search_term_string}\"},\"query-input\":{\"@type\":\"PropertyValueSpecification\",\"valueRequired\":true,\"valueName\":\"search_term_string\"}}],\"inLanguage\":\"en-US\"},{\"@type\":\"Organization\",\"@id\":\"https:\/\/avsaf.tienda\/#organization\",\"name\":\"AVSAF\",\"url\":\"https:\/\/avsaf.tienda\/\",\"logo\":{\"@type\":\"ImageObject\",\"inLanguage\":\"en-US\",\"@id\":\"https:\/\/avsaf.tienda\/#\/schema\/logo\/image\/\",\"url\":\"https:\/\/avsaf.tienda\/wp-content\/uploads\/2022\/10\/IMAGOTIPO.png\",\"contentUrl\":\"https:\/\/avsaf.tienda\/wp-content\/uploads\/2022\/10\/IMAGOTIPO.png\",\"width\":551,\"height\":471,\"caption\":\"AVSAF\"},\"image\":{\"@id\":\"https:\/\/avsaf.tienda\/#\/schema\/logo\/image\/\"},\"sameAs\":[\"https:\/\/www.facebook.com\/people\/AVSAF\/100086566488289\/\",\"https:\/\/x.com\/AvsafEs\",\"https:\/\/www.linkedin.com\/company\/avsaf\/\",\"https:\/\/www.instagram.com\/avsaf_oficial\/\"]}]}<\/script>\n<!-- \/ Yoast SEO plugin. -->","yoast_head_json":{"title":"AVSEC - avsaf","robots":{"index":"index","follow":"follow","max-snippet":"max-snippet:-1","max-image-preview":"max-image-preview:large","max-video-preview":"max-video-preview:-1"},"canonical":"https:\/\/avsaf.tienda\/en\/product\/avsec\/","og_locale":"en_US","og_type":"article","og_title":"AVSEC - avsaf","og_description":"Curso AVSEC 11.2.6, necesario para la solicitaci\u00f3n de la acreditaci\u00f3n aeron\u00e1utica de AENA para trabajar en aeropuertos espa\u00f1oles. Dirigido a todo el personal que vaya a desarrollar su actividad en Zona Restringida de Seguridad de un aeropuerto. Requisito indispensable para solicitar o renovar la acreditaci\u00f3n aeroportuaria. Se expide diploma certificado por un instructor AVSEC reconocido [&hellip;]","og_url":"https:\/\/avsaf.tienda\/en\/product\/avsec\/","og_site_name":"avsaf","article_publisher":"https:\/\/www.facebook.com\/people\/AVSAF\/100086566488289\/","article_modified_time":"2022-10-05T14:22:15+00:00","og_image":[{"width":1613,"height":1075,"url":"https:\/\/avsaf.tienda\/wp-content\/uploads\/2022\/08\/AVSEC_2.jpg","type":"image\/jpeg"}],"twitter_card":"summary_large_image","twitter_site":"@AvsafEs","twitter_misc":{"Est. reading time":"1 minute"},"schema":{"@context":"https:\/\/schema.org","@graph":[{"@type":"WebPage","@id":"https:\/\/avsaf.tienda\/producto\/avsec\/","url":"https:\/\/avsaf.tienda\/producto\/avsec\/","name":"AVSEC - avsaf","isPartOf":{"@id":"https:\/\/avsaf.tienda\/#website"},"primaryImageOfPage":{"@id":"https:\/\/avsaf.tienda\/producto\/avsec\/#primaryimage"},"image":{"@id":"https:\/\/avsaf.tienda\/producto\/avsec\/#primaryimage"},"thumbnailUrl":"https:\/\/avsaf.tienda\/wp-content\/uploads\/2022\/08\/AVSEC_2.jpg","datePublished":"2022-08-25T14:12:23+00:00","dateModified":"2022-10-05T14:22:15+00:00","breadcrumb":{"@id":"https:\/\/avsaf.tienda\/producto\/avsec\/#breadcrumb"},"inLanguage":"en-US","potentialAction":[{"@type":"ReadAction","target":["https:\/\/avsaf.tienda\/producto\/avsec\/"]}]},{"@type":"ImageObject","inLanguage":"en-US","@id":"https:\/\/avsaf.tienda\/producto\/avsec\/#primaryimage","url":"https:\/\/avsaf.tienda\/wp-content\/uploads\/2022\/08\/AVSEC_2.jpg","contentUrl":"https:\/\/avsaf.tienda\/wp-content\/uploads\/2022\/08\/AVSEC_2.jpg","width":1613,"height":1075},{"@type":"BreadcrumbList","@id":"https:\/\/avsaf.tienda\/producto\/avsec\/#breadcrumb","itemListElement":[{"@type":"ListItem","position":1,"name":"Portada","item":"https:\/\/avsaf.tienda\/"},{"@type":"ListItem","position":2,"name":"Tienda","item":"https:\/\/avsaf.tienda\/tienda\/"},{"@type":"ListItem","position":3,"name":"AVSEC"}]},{"@type":"WebSite","@id":"https:\/\/avsaf.tienda\/#website","url":"https:\/\/avsaf.tienda\/","name":"avsaf","description":"","publisher":{"@id":"https:\/\/avsaf.tienda\/#organization"},"potentialAction":[{"@type":"SearchAction","target":{"@type":"EntryPoint","urlTemplate":"https:\/\/avsaf.tienda\/?s={search_term_string}"},"query-input":{"@type":"PropertyValueSpecification","valueRequired":true,"valueName":"search_term_string"}}],"inLanguage":"en-US"},{"@type":"Organization","@id":"https:\/\/avsaf.tienda\/#organization","name":"AVSAF","url":"https:\/\/avsaf.tienda\/","logo":{"@type":"ImageObject","inLanguage":"en-US","@id":"https:\/\/avsaf.tienda\/#\/schema\/logo\/image\/","url":"https:\/\/avsaf.tienda\/wp-content\/uploads\/2022\/10\/IMAGOTIPO.png","contentUrl":"https:\/\/avsaf.tienda\/wp-content\/uploads\/2022\/10\/IMAGOTIPO.png","width":551,"height":471,"caption":"AVSAF"},"image":{"@id":"https:\/\/avsaf.tienda\/#\/schema\/logo\/image\/"},"sameAs":["https:\/\/www.facebook.com\/people\/AVSAF\/100086566488289\/","https:\/\/x.com\/AvsafEs","https:\/\/www.linkedin.com\/company\/avsaf\/","https:\/\/www.instagram.com\/avsaf_oficial\/"]}]}},"_links":{"self":[{"href":"https:\/\/avsaf.tienda\/en\/wp-json\/wp\/v2\/product\/380","targetHints":{"allow":["GET"]}}],"collection":[{"href":"https:\/\/avsaf.tienda\/en\/wp-json\/wp\/v2\/product"}],"about":[{"href":"https:\/\/avsaf.tienda\/en\/wp-json\/wp\/v2\/types\/product"}],"replies":[{"embeddable":true,"href":"https:\/\/avsaf.tienda\/en\/wp-json\/wp\/v2\/comments?post=380"}],"wp:featuredmedia":[{"embeddable":true,"href":"https:\/\/avsaf.tienda\/en\/wp-json\/wp\/v2\/media\/422"}],"wp:attachment":[{"href":"https:\/\/avsaf.tienda\/en\/wp-json\/wp\/v2\/media?parent=380"}],"wp:term":[{"taxonomy":"product_brand","embeddable":true,"href":"https:\/\/avsaf.tienda\/en\/wp-json\/wp\/v2\/product_brand?post=380"},{"taxonomy":"product_cat","embeddable":true,"href":"https:\/\/avsaf.tienda\/en\/wp-json\/wp\/v2\/product_cat?post=380"},{"taxonomy":"product_tag","embeddable":true,"href":"https:\/\/avsaf.tienda\/en\/wp-json\/wp\/v2\/product_tag?post=380"}],"curies":[{"name":"wp","href":"https:\/\/api.w.org\/{rel}","templated":true}]}}