{"id":383,"date":"2022-08-25T14:13:29","date_gmt":"2022-08-25T14:13:29","guid":{"rendered":"https:\/\/avsaf.tienda\/?post_type=product&#038;p=383"},"modified":"2022-10-05T14:15:24","modified_gmt":"2022-10-05T14:15:24","slug":"pcp-com","status":"publish","type":"product","link":"https:\/\/avsaf.tienda\/en\/product\/pcp-com\/","title":{"rendered":"PCP-COM"},"content":{"rendered":"<p class=\"p1\">The training consists of completing the Driving in the Maneuvering Area (CAM) course or the Communications course (COM) depending on the type of driving license that needs to be obtained (the CAM course is a requirement for obtaining the PCP- AM and the COM course is a requirement to obtain the PCP-COM).<\/p>\n<p class=\"p1\">Mediante la realizaci\u00f3n de este curso se obtiene el diploma COM valido para todos los aeropuertos de AENA.<span class=\"Apple-converted-space\">\u00a0<\/span><\/p>\n<p class=\"p2\"><b>Modality:\u00a0<\/b>ONLINE.<\/p>\n<p class=\"p2\"><b>Duration:\u00a0<\/b>2 hours<\/p>\n<p class=\"p2\"><b>Assessment attempts:\u00a0<\/b>Free.<\/p>\n<p class=\"p2\"><b>Days available from registration:<\/b>\u00a090 days.<\/p>\n<p class=\"p2\"><b>Issuance of the official certificate included.<\/b><\/p>\n<p>&nbsp;<\/p>\n<p class=\"p4\"><b>Contenido:<\/b><\/p>\n<p class=\"p4\">M\u00f3dulo 1 \u2013 Procedimientos en \u00e1rea de maniobras<\/p>\n<p class=\"p4\"><span class=\"s1\">Proceso de certificaci\u00f3n del alumno:<span class=\"Apple-converted-space\">\u00a0<\/span><\/span><\/p>\n<p class=\"p4\">1.-Comprar el curso.<\/p>\n<p class=\"p4\">2.-De forma inmediata, se le da acceso al alumno a la plataforma e-learning Moodle.<span class=\"Apple-converted-space\">\u00a0<\/span><\/p>\n<p class=\"p4\">3.-Una vez superado el examen final, el alumno podr\u00e1 descargarse el certificado oficial mediante nuestra plataforma, este certificado puede presentarse en cualquiera de los aeropuertos espa\u00f1oles.<\/p>","protected":false},"excerpt":{"rendered":"<p>La formaci\u00f3n consiste en la realizaci\u00f3n del curso de Conducci\u00f3n en \u00c1rea de Maniobras (CAM) o el curso de Comunicaciones (COM) en funci\u00f3n del tipo de permiso de conducci\u00f3n que se necesite obtener (el curso CAM es un requisito para la obtenci\u00f3n del PCP-AM y el curso COM es un requisito para la obtenci\u00f3n del [&hellip;]<\/p>","protected":false},"featured_media":424,"comment_status":"open","ping_status":"closed","template":"","meta":[],"product_brand":[],"product_cat":[47],"product_tag":[],"class_list":{"0":"post-383","1":"product","2":"type-product","3":"status-publish","4":"has-post-thumbnail","6":"product_cat-es","8":"first","9":"instock","10":"downloadable","11":"virtual","12":"taxable","13":"purchasable","14":"product-type-simple"},"yoast_head":"<!-- This site is optimized with the Yoast SEO plugin v25.3.1 - https:\/\/yoast.com\/wordpress\/plugins\/seo\/ -->\n<title>PCP-COM - avsaf<\/title>\n<meta name=\"robots\" content=\"index, follow, max-snippet:-1, max-image-preview:large, max-video-preview:-1\" \/>\n<link rel=\"canonical\" href=\"https:\/\/avsaf.tienda\/en\/product\/pcp-com\/\" \/>\n<meta property=\"og:locale\" content=\"en_US\" \/>\n<meta property=\"og:type\" content=\"article\" \/>\n<meta property=\"og:title\" content=\"PCP-COM - avsaf\" \/>\n<meta property=\"og:description\" content=\"La formaci\u00f3n consiste en la realizaci\u00f3n del curso de Conducci\u00f3n en \u00c1rea de Maniobras (CAM) o el curso de Comunicaciones (COM) en funci\u00f3n del tipo de permiso de conducci\u00f3n que se necesite obtener (el curso CAM es un requisito para la obtenci\u00f3n del PCP-AM y el curso COM es un requisito para la obtenci\u00f3n del [&hellip;]\" \/>\n<meta property=\"og:url\" content=\"https:\/\/avsaf.tienda\/en\/product\/pcp-com\/\" \/>\n<meta property=\"og:site_name\" content=\"avsaf\" \/>\n<meta property=\"article:publisher\" content=\"https:\/\/www.facebook.com\/people\/AVSAF\/100086566488289\/\" \/>\n<meta property=\"article:modified_time\" content=\"2022-10-05T14:15:24+00:00\" \/>\n<meta property=\"og:image\" content=\"https:\/\/avsaf.tienda\/wp-content\/uploads\/2022\/08\/COM_1.jpg\" \/>\n\t<meta property=\"og:image:width\" content=\"1613\" \/>\n\t<meta property=\"og:image:height\" content=\"1075\" \/>\n\t<meta property=\"og:image:type\" content=\"image\/jpeg\" \/>\n<meta name=\"twitter:card\" content=\"summary_large_image\" \/>\n<meta name=\"twitter:site\" content=\"@AvsafEs\" \/>\n<meta name=\"twitter:label1\" content=\"Est. reading time\" \/>\n\t<meta name=\"twitter:data1\" content=\"1 minute\" \/>\n<script type=\"application\/ld+json\" class=\"yoast-schema-graph\">{\"@context\":\"https:\/\/schema.org\",\"@graph\":[{\"@type\":\"WebPage\",\"@id\":\"https:\/\/avsaf.tienda\/producto\/pcp-com\/\",\"url\":\"https:\/\/avsaf.tienda\/producto\/pcp-com\/\",\"name\":\"PCP-COM - avsaf\",\"isPartOf\":{\"@id\":\"https:\/\/avsaf.tienda\/#website\"},\"primaryImageOfPage\":{\"@id\":\"https:\/\/avsaf.tienda\/producto\/pcp-com\/#primaryimage\"},\"image\":{\"@id\":\"https:\/\/avsaf.tienda\/producto\/pcp-com\/#primaryimage\"},\"thumbnailUrl\":\"https:\/\/avsaf.tienda\/wp-content\/uploads\/2022\/08\/COM_1.jpg\",\"datePublished\":\"2022-08-25T14:13:29+00:00\",\"dateModified\":\"2022-10-05T14:15:24+00:00\",\"breadcrumb\":{\"@id\":\"https:\/\/avsaf.tienda\/producto\/pcp-com\/#breadcrumb\"},\"inLanguage\":\"en-US\",\"potentialAction\":[{\"@type\":\"ReadAction\",\"target\":[\"https:\/\/avsaf.tienda\/producto\/pcp-com\/\"]}]},{\"@type\":\"ImageObject\",\"inLanguage\":\"en-US\",\"@id\":\"https:\/\/avsaf.tienda\/producto\/pcp-com\/#primaryimage\",\"url\":\"https:\/\/avsaf.tienda\/wp-content\/uploads\/2022\/08\/COM_1.jpg\",\"contentUrl\":\"https:\/\/avsaf.tienda\/wp-content\/uploads\/2022\/08\/COM_1.jpg\",\"width\":1613,\"height\":1075},{\"@type\":\"BreadcrumbList\",\"@id\":\"https:\/\/avsaf.tienda\/producto\/pcp-com\/#breadcrumb\",\"itemListElement\":[{\"@type\":\"ListItem\",\"position\":1,\"name\":\"Portada\",\"item\":\"https:\/\/avsaf.tienda\/\"},{\"@type\":\"ListItem\",\"position\":2,\"name\":\"Tienda\",\"item\":\"https:\/\/avsaf.tienda\/tienda\/\"},{\"@type\":\"ListItem\",\"position\":3,\"name\":\"PCP-COM\"}]},{\"@type\":\"WebSite\",\"@id\":\"https:\/\/avsaf.tienda\/#website\",\"url\":\"https:\/\/avsaf.tienda\/\",\"name\":\"avsaf\",\"description\":\"\",\"publisher\":{\"@id\":\"https:\/\/avsaf.tienda\/#organization\"},\"potentialAction\":[{\"@type\":\"SearchAction\",\"target\":{\"@type\":\"EntryPoint\",\"urlTemplate\":\"https:\/\/avsaf.tienda\/?s={search_term_string}\"},\"query-input\":{\"@type\":\"PropertyValueSpecification\",\"valueRequired\":true,\"valueName\":\"search_term_string\"}}],\"inLanguage\":\"en-US\"},{\"@type\":\"Organization\",\"@id\":\"https:\/\/avsaf.tienda\/#organization\",\"name\":\"AVSAF\",\"url\":\"https:\/\/avsaf.tienda\/\",\"logo\":{\"@type\":\"ImageObject\",\"inLanguage\":\"en-US\",\"@id\":\"https:\/\/avsaf.tienda\/#\/schema\/logo\/image\/\",\"url\":\"https:\/\/avsaf.tienda\/wp-content\/uploads\/2022\/10\/IMAGOTIPO.png\",\"contentUrl\":\"https:\/\/avsaf.tienda\/wp-content\/uploads\/2022\/10\/IMAGOTIPO.png\",\"width\":551,\"height\":471,\"caption\":\"AVSAF\"},\"image\":{\"@id\":\"https:\/\/avsaf.tienda\/#\/schema\/logo\/image\/\"},\"sameAs\":[\"https:\/\/www.facebook.com\/people\/AVSAF\/100086566488289\/\",\"https:\/\/x.com\/AvsafEs\",\"https:\/\/www.linkedin.com\/company\/avsaf\/\",\"https:\/\/www.instagram.com\/avsaf_oficial\/\"]}]}<\/script>\n<!-- \/ Yoast SEO plugin. -->","yoast_head_json":{"title":"PCP-COM - avsaf","robots":{"index":"index","follow":"follow","max-snippet":"max-snippet:-1","max-image-preview":"max-image-preview:large","max-video-preview":"max-video-preview:-1"},"canonical":"https:\/\/avsaf.tienda\/en\/product\/pcp-com\/","og_locale":"en_US","og_type":"article","og_title":"PCP-COM - avsaf","og_description":"La formaci\u00f3n consiste en la realizaci\u00f3n del curso de Conducci\u00f3n en \u00c1rea de Maniobras (CAM) o el curso de Comunicaciones (COM) en funci\u00f3n del tipo de permiso de conducci\u00f3n que se necesite obtener (el curso CAM es un requisito para la obtenci\u00f3n del PCP-AM y el curso COM es un requisito para la obtenci\u00f3n del [&hellip;]","og_url":"https:\/\/avsaf.tienda\/en\/product\/pcp-com\/","og_site_name":"avsaf","article_publisher":"https:\/\/www.facebook.com\/people\/AVSAF\/100086566488289\/","article_modified_time":"2022-10-05T14:15:24+00:00","og_image":[{"width":1613,"height":1075,"url":"https:\/\/avsaf.tienda\/wp-content\/uploads\/2022\/08\/COM_1.jpg","type":"image\/jpeg"}],"twitter_card":"summary_large_image","twitter_site":"@AvsafEs","twitter_misc":{"Est. reading time":"1 minute"},"schema":{"@context":"https:\/\/schema.org","@graph":[{"@type":"WebPage","@id":"https:\/\/avsaf.tienda\/producto\/pcp-com\/","url":"https:\/\/avsaf.tienda\/producto\/pcp-com\/","name":"PCP-COM - avsaf","isPartOf":{"@id":"https:\/\/avsaf.tienda\/#website"},"primaryImageOfPage":{"@id":"https:\/\/avsaf.tienda\/producto\/pcp-com\/#primaryimage"},"image":{"@id":"https:\/\/avsaf.tienda\/producto\/pcp-com\/#primaryimage"},"thumbnailUrl":"https:\/\/avsaf.tienda\/wp-content\/uploads\/2022\/08\/COM_1.jpg","datePublished":"2022-08-25T14:13:29+00:00","dateModified":"2022-10-05T14:15:24+00:00","breadcrumb":{"@id":"https:\/\/avsaf.tienda\/producto\/pcp-com\/#breadcrumb"},"inLanguage":"en-US","potentialAction":[{"@type":"ReadAction","target":["https:\/\/avsaf.tienda\/producto\/pcp-com\/"]}]},{"@type":"ImageObject","inLanguage":"en-US","@id":"https:\/\/avsaf.tienda\/producto\/pcp-com\/#primaryimage","url":"https:\/\/avsaf.tienda\/wp-content\/uploads\/2022\/08\/COM_1.jpg","contentUrl":"https:\/\/avsaf.tienda\/wp-content\/uploads\/2022\/08\/COM_1.jpg","width":1613,"height":1075},{"@type":"BreadcrumbList","@id":"https:\/\/avsaf.tienda\/producto\/pcp-com\/#breadcrumb","itemListElement":[{"@type":"ListItem","position":1,"name":"Portada","item":"https:\/\/avsaf.tienda\/"},{"@type":"ListItem","position":2,"name":"Tienda","item":"https:\/\/avsaf.tienda\/tienda\/"},{"@type":"ListItem","position":3,"name":"PCP-COM"}]},{"@type":"WebSite","@id":"https:\/\/avsaf.tienda\/#website","url":"https:\/\/avsaf.tienda\/","name":"avsaf","description":"","publisher":{"@id":"https:\/\/avsaf.tienda\/#organization"},"potentialAction":[{"@type":"SearchAction","target":{"@type":"EntryPoint","urlTemplate":"https:\/\/avsaf.tienda\/?s={search_term_string}"},"query-input":{"@type":"PropertyValueSpecification","valueRequired":true,"valueName":"search_term_string"}}],"inLanguage":"en-US"},{"@type":"Organization","@id":"https:\/\/avsaf.tienda\/#organization","name":"AVSAF","url":"https:\/\/avsaf.tienda\/","logo":{"@type":"ImageObject","inLanguage":"en-US","@id":"https:\/\/avsaf.tienda\/#\/schema\/logo\/image\/","url":"https:\/\/avsaf.tienda\/wp-content\/uploads\/2022\/10\/IMAGOTIPO.png","contentUrl":"https:\/\/avsaf.tienda\/wp-content\/uploads\/2022\/10\/IMAGOTIPO.png","width":551,"height":471,"caption":"AVSAF"},"image":{"@id":"https:\/\/avsaf.tienda\/#\/schema\/logo\/image\/"},"sameAs":["https:\/\/www.facebook.com\/people\/AVSAF\/100086566488289\/","https:\/\/x.com\/AvsafEs","https:\/\/www.linkedin.com\/company\/avsaf\/","https:\/\/www.instagram.com\/avsaf_oficial\/"]}]}},"_links":{"self":[{"href":"https:\/\/avsaf.tienda\/en\/wp-json\/wp\/v2\/product\/383","targetHints":{"allow":["GET"]}}],"collection":[{"href":"https:\/\/avsaf.tienda\/en\/wp-json\/wp\/v2\/product"}],"about":[{"href":"https:\/\/avsaf.tienda\/en\/wp-json\/wp\/v2\/types\/product"}],"replies":[{"embeddable":true,"href":"https:\/\/avsaf.tienda\/en\/wp-json\/wp\/v2\/comments?post=383"}],"wp:featuredmedia":[{"embeddable":true,"href":"https:\/\/avsaf.tienda\/en\/wp-json\/wp\/v2\/media\/424"}],"wp:attachment":[{"href":"https:\/\/avsaf.tienda\/en\/wp-json\/wp\/v2\/media?parent=383"}],"wp:term":[{"taxonomy":"product_brand","embeddable":true,"href":"https:\/\/avsaf.tienda\/en\/wp-json\/wp\/v2\/product_brand?post=383"},{"taxonomy":"product_cat","embeddable":true,"href":"https:\/\/avsaf.tienda\/en\/wp-json\/wp\/v2\/product_cat?post=383"},{"taxonomy":"product_tag","embeddable":true,"href":"https:\/\/avsaf.tienda\/en\/wp-json\/wp\/v2\/product_tag?post=383"}],"curies":[{"name":"wp","href":"https:\/\/api.w.org\/{rel}","templated":true}]}}