{"id":766,"date":"2022-09-28T12:27:00","date_gmt":"2022-09-28T12:27:00","guid":{"rendered":"https:\/\/avsaf.tienda\/?post_type=product&#038;p=766"},"modified":"2022-10-05T14:16:15","modified_gmt":"2022-10-05T14:16:15","slug":"avsaf-c-avsaf-p","status":"publish","type":"product","link":"https:\/\/avsaf.tienda\/en\/product\/avsaf-c-avsaf-p\/","title":{"rendered":"AVSAF-C + AVSAF-P"},"content":{"rendered":"<div class=\"elementor-element elementor-element-07298d4 elementor-widget elementor-widget-text-editor\" data-id=\"07298d4\" data-element_type=\"widget\" data-widget_type=\"text-editor.default\">\n<div class=\"elementor-widget-container\">\n<div class=\"elementor-text-editor elementor-clearfix\">\n<p>The AVSAF-C online course accredits the minimum knowledge in operational safety necessary for unaccompanied access to the airport movement area for the performance of tasks including those that involve the handling and driving of vehicles in this area of \u200b\u200bthe airport.<\/p>\n<p>&nbsp;<\/p>\n<p><strong>It is essential to have AVSAF-P (Pedestrians) in force.\u00a0<\/strong><\/p>\n<p><strong>\u00a0<\/strong><\/p>\n<p class=\"translation-block\"><strong>Modality: <\/strong>ONLINE.<\/p>\n<p class=\"translation-block\"><span style=\"font-weight: 400\"><strong>Assessment attempts:<\/strong> Platform OFA (Free) AESA (two attempts). <\/span><\/p>\n<p><strong>D\u00edas disponibles desde inscripci\u00f3n<\/strong>: 30 d\u00edas (prorrogable de forma gratuita).<\/p>\n<p><strong>Issuance of official certificate included.<\/strong><\/p>\n<\/div>\n<\/div>\n<\/div>","protected":false},"excerpt":{"rendered":"<p>El curso online AVSAF-C acredita los conocimientos m\u00ednimos en seguridad operacional necesarios para el acceso sin acompa\u00f1amiento al \u00e1rea de movimiento de los aeropuertos para el desempe\u00f1o de tareas incluyendo aquellas que impliquen el manejo y conducci\u00f3n de veh\u00edculos en esta \u00e1rea del aeropuerto. &nbsp; Imprescindible tener en vigor AVSAF-P (Peatones).\u00a0 \u00a0 Modalidad: ONLINE. Intentos [&hellip;]<\/p>","protected":false},"featured_media":421,"comment_status":"open","ping_status":"closed","template":"","meta":[],"product_brand":[],"product_cat":[47],"product_tag":[],"class_list":{"0":"post-766","1":"product","2":"type-product","3":"status-publish","4":"has-post-thumbnail","6":"product_cat-es","8":"first","9":"instock","10":"downloadable","11":"virtual","12":"taxable","13":"purchasable","14":"product-type-simple"},"yoast_head":"<!-- This site is optimized with the Yoast SEO plugin v25.3.1 - https:\/\/yoast.com\/wordpress\/plugins\/seo\/ -->\n<title>AVSAF-C + AVSAF-P - avsaf<\/title>\n<meta name=\"robots\" content=\"index, follow, max-snippet:-1, max-image-preview:large, max-video-preview:-1\" \/>\n<link rel=\"canonical\" href=\"https:\/\/avsaf.tienda\/en\/product\/avsaf-c-avsaf-p\/\" \/>\n<meta property=\"og:locale\" content=\"en_US\" \/>\n<meta property=\"og:type\" content=\"article\" \/>\n<meta property=\"og:title\" content=\"AVSAF-C + AVSAF-P - avsaf\" \/>\n<meta property=\"og:description\" content=\"El curso online AVSAF-C acredita los conocimientos m\u00ednimos en seguridad operacional necesarios para el acceso sin acompa\u00f1amiento al \u00e1rea de movimiento de los aeropuertos para el desempe\u00f1o de tareas incluyendo aquellas que impliquen el manejo y conducci\u00f3n de veh\u00edculos en esta \u00e1rea del aeropuerto. &nbsp; Imprescindible tener en vigor AVSAF-P (Peatones).\u00a0 \u00a0 Modalidad: ONLINE. Intentos [&hellip;]\" \/>\n<meta property=\"og:url\" content=\"https:\/\/avsaf.tienda\/en\/product\/avsaf-c-avsaf-p\/\" \/>\n<meta property=\"og:site_name\" content=\"avsaf\" \/>\n<meta property=\"article:publisher\" content=\"https:\/\/www.facebook.com\/people\/AVSAF\/100086566488289\/\" \/>\n<meta property=\"article:modified_time\" content=\"2022-10-05T14:16:15+00:00\" \/>\n<meta property=\"og:image\" content=\"https:\/\/avsaf.tienda\/wp-content\/uploads\/2022\/08\/AVSAF-C_1.jpg\" \/>\n\t<meta property=\"og:image:width\" content=\"1613\" \/>\n\t<meta property=\"og:image:height\" content=\"1075\" \/>\n\t<meta property=\"og:image:type\" content=\"image\/jpeg\" \/>\n<meta name=\"twitter:card\" content=\"summary_large_image\" \/>\n<meta name=\"twitter:site\" content=\"@AvsafEs\" \/>\n<meta name=\"twitter:label1\" content=\"Est. reading time\" \/>\n\t<meta name=\"twitter:data1\" content=\"1 minute\" \/>\n<script type=\"application\/ld+json\" class=\"yoast-schema-graph\">{\"@context\":\"https:\/\/schema.org\",\"@graph\":[{\"@type\":\"WebPage\",\"@id\":\"https:\/\/avsaf.tienda\/producto\/avsaf-c-avsaf-p\/\",\"url\":\"https:\/\/avsaf.tienda\/producto\/avsaf-c-avsaf-p\/\",\"name\":\"AVSAF-C + AVSAF-P - avsaf\",\"isPartOf\":{\"@id\":\"https:\/\/avsaf.tienda\/#website\"},\"primaryImageOfPage\":{\"@id\":\"https:\/\/avsaf.tienda\/producto\/avsaf-c-avsaf-p\/#primaryimage\"},\"image\":{\"@id\":\"https:\/\/avsaf.tienda\/producto\/avsaf-c-avsaf-p\/#primaryimage\"},\"thumbnailUrl\":\"https:\/\/avsaf.tienda\/wp-content\/uploads\/2022\/08\/AVSAF-C_1.jpg\",\"datePublished\":\"2022-09-28T12:27:00+00:00\",\"dateModified\":\"2022-10-05T14:16:15+00:00\",\"breadcrumb\":{\"@id\":\"https:\/\/avsaf.tienda\/producto\/avsaf-c-avsaf-p\/#breadcrumb\"},\"inLanguage\":\"en-US\",\"potentialAction\":[{\"@type\":\"ReadAction\",\"target\":[\"https:\/\/avsaf.tienda\/producto\/avsaf-c-avsaf-p\/\"]}]},{\"@type\":\"ImageObject\",\"inLanguage\":\"en-US\",\"@id\":\"https:\/\/avsaf.tienda\/producto\/avsaf-c-avsaf-p\/#primaryimage\",\"url\":\"https:\/\/avsaf.tienda\/wp-content\/uploads\/2022\/08\/AVSAF-C_1.jpg\",\"contentUrl\":\"https:\/\/avsaf.tienda\/wp-content\/uploads\/2022\/08\/AVSAF-C_1.jpg\",\"width\":1613,\"height\":1075},{\"@type\":\"BreadcrumbList\",\"@id\":\"https:\/\/avsaf.tienda\/producto\/avsaf-c-avsaf-p\/#breadcrumb\",\"itemListElement\":[{\"@type\":\"ListItem\",\"position\":1,\"name\":\"Portada\",\"item\":\"https:\/\/avsaf.tienda\/\"},{\"@type\":\"ListItem\",\"position\":2,\"name\":\"Tienda\",\"item\":\"https:\/\/avsaf.tienda\/tienda\/\"},{\"@type\":\"ListItem\",\"position\":3,\"name\":\"AVSAF-C + AVSAF-P\"}]},{\"@type\":\"WebSite\",\"@id\":\"https:\/\/avsaf.tienda\/#website\",\"url\":\"https:\/\/avsaf.tienda\/\",\"name\":\"avsaf\",\"description\":\"\",\"publisher\":{\"@id\":\"https:\/\/avsaf.tienda\/#organization\"},\"potentialAction\":[{\"@type\":\"SearchAction\",\"target\":{\"@type\":\"EntryPoint\",\"urlTemplate\":\"https:\/\/avsaf.tienda\/?s={search_term_string}\"},\"query-input\":{\"@type\":\"PropertyValueSpecification\",\"valueRequired\":true,\"valueName\":\"search_term_string\"}}],\"inLanguage\":\"en-US\"},{\"@type\":\"Organization\",\"@id\":\"https:\/\/avsaf.tienda\/#organization\",\"name\":\"AVSAF\",\"url\":\"https:\/\/avsaf.tienda\/\",\"logo\":{\"@type\":\"ImageObject\",\"inLanguage\":\"en-US\",\"@id\":\"https:\/\/avsaf.tienda\/#\/schema\/logo\/image\/\",\"url\":\"https:\/\/avsaf.tienda\/wp-content\/uploads\/2022\/10\/IMAGOTIPO.png\",\"contentUrl\":\"https:\/\/avsaf.tienda\/wp-content\/uploads\/2022\/10\/IMAGOTIPO.png\",\"width\":551,\"height\":471,\"caption\":\"AVSAF\"},\"image\":{\"@id\":\"https:\/\/avsaf.tienda\/#\/schema\/logo\/image\/\"},\"sameAs\":[\"https:\/\/www.facebook.com\/people\/AVSAF\/100086566488289\/\",\"https:\/\/x.com\/AvsafEs\",\"https:\/\/www.linkedin.com\/company\/avsaf\/\",\"https:\/\/www.instagram.com\/avsaf_oficial\/\"]}]}<\/script>\n<!-- \/ Yoast SEO plugin. -->","yoast_head_json":{"title":"AVSAF-C + AVSAF-P - avsaf","robots":{"index":"index","follow":"follow","max-snippet":"max-snippet:-1","max-image-preview":"max-image-preview:large","max-video-preview":"max-video-preview:-1"},"canonical":"https:\/\/avsaf.tienda\/en\/product\/avsaf-c-avsaf-p\/","og_locale":"en_US","og_type":"article","og_title":"AVSAF-C + AVSAF-P - avsaf","og_description":"El curso online AVSAF-C acredita los conocimientos m\u00ednimos en seguridad operacional necesarios para el acceso sin acompa\u00f1amiento al \u00e1rea de movimiento de los aeropuertos para el desempe\u00f1o de tareas incluyendo aquellas que impliquen el manejo y conducci\u00f3n de veh\u00edculos en esta \u00e1rea del aeropuerto. &nbsp; Imprescindible tener en vigor AVSAF-P (Peatones).\u00a0 \u00a0 Modalidad: ONLINE. Intentos [&hellip;]","og_url":"https:\/\/avsaf.tienda\/en\/product\/avsaf-c-avsaf-p\/","og_site_name":"avsaf","article_publisher":"https:\/\/www.facebook.com\/people\/AVSAF\/100086566488289\/","article_modified_time":"2022-10-05T14:16:15+00:00","og_image":[{"width":1613,"height":1075,"url":"https:\/\/avsaf.tienda\/wp-content\/uploads\/2022\/08\/AVSAF-C_1.jpg","type":"image\/jpeg"}],"twitter_card":"summary_large_image","twitter_site":"@AvsafEs","twitter_misc":{"Est. reading time":"1 minute"},"schema":{"@context":"https:\/\/schema.org","@graph":[{"@type":"WebPage","@id":"https:\/\/avsaf.tienda\/producto\/avsaf-c-avsaf-p\/","url":"https:\/\/avsaf.tienda\/producto\/avsaf-c-avsaf-p\/","name":"AVSAF-C + AVSAF-P - avsaf","isPartOf":{"@id":"https:\/\/avsaf.tienda\/#website"},"primaryImageOfPage":{"@id":"https:\/\/avsaf.tienda\/producto\/avsaf-c-avsaf-p\/#primaryimage"},"image":{"@id":"https:\/\/avsaf.tienda\/producto\/avsaf-c-avsaf-p\/#primaryimage"},"thumbnailUrl":"https:\/\/avsaf.tienda\/wp-content\/uploads\/2022\/08\/AVSAF-C_1.jpg","datePublished":"2022-09-28T12:27:00+00:00","dateModified":"2022-10-05T14:16:15+00:00","breadcrumb":{"@id":"https:\/\/avsaf.tienda\/producto\/avsaf-c-avsaf-p\/#breadcrumb"},"inLanguage":"en-US","potentialAction":[{"@type":"ReadAction","target":["https:\/\/avsaf.tienda\/producto\/avsaf-c-avsaf-p\/"]}]},{"@type":"ImageObject","inLanguage":"en-US","@id":"https:\/\/avsaf.tienda\/producto\/avsaf-c-avsaf-p\/#primaryimage","url":"https:\/\/avsaf.tienda\/wp-content\/uploads\/2022\/08\/AVSAF-C_1.jpg","contentUrl":"https:\/\/avsaf.tienda\/wp-content\/uploads\/2022\/08\/AVSAF-C_1.jpg","width":1613,"height":1075},{"@type":"BreadcrumbList","@id":"https:\/\/avsaf.tienda\/producto\/avsaf-c-avsaf-p\/#breadcrumb","itemListElement":[{"@type":"ListItem","position":1,"name":"Portada","item":"https:\/\/avsaf.tienda\/"},{"@type":"ListItem","position":2,"name":"Tienda","item":"https:\/\/avsaf.tienda\/tienda\/"},{"@type":"ListItem","position":3,"name":"AVSAF-C + AVSAF-P"}]},{"@type":"WebSite","@id":"https:\/\/avsaf.tienda\/#website","url":"https:\/\/avsaf.tienda\/","name":"avsaf","description":"","publisher":{"@id":"https:\/\/avsaf.tienda\/#organization"},"potentialAction":[{"@type":"SearchAction","target":{"@type":"EntryPoint","urlTemplate":"https:\/\/avsaf.tienda\/?s={search_term_string}"},"query-input":{"@type":"PropertyValueSpecification","valueRequired":true,"valueName":"search_term_string"}}],"inLanguage":"en-US"},{"@type":"Organization","@id":"https:\/\/avsaf.tienda\/#organization","name":"AVSAF","url":"https:\/\/avsaf.tienda\/","logo":{"@type":"ImageObject","inLanguage":"en-US","@id":"https:\/\/avsaf.tienda\/#\/schema\/logo\/image\/","url":"https:\/\/avsaf.tienda\/wp-content\/uploads\/2022\/10\/IMAGOTIPO.png","contentUrl":"https:\/\/avsaf.tienda\/wp-content\/uploads\/2022\/10\/IMAGOTIPO.png","width":551,"height":471,"caption":"AVSAF"},"image":{"@id":"https:\/\/avsaf.tienda\/#\/schema\/logo\/image\/"},"sameAs":["https:\/\/www.facebook.com\/people\/AVSAF\/100086566488289\/","https:\/\/x.com\/AvsafEs","https:\/\/www.linkedin.com\/company\/avsaf\/","https:\/\/www.instagram.com\/avsaf_oficial\/"]}]}},"_links":{"self":[{"href":"https:\/\/avsaf.tienda\/en\/wp-json\/wp\/v2\/product\/766","targetHints":{"allow":["GET"]}}],"collection":[{"href":"https:\/\/avsaf.tienda\/en\/wp-json\/wp\/v2\/product"}],"about":[{"href":"https:\/\/avsaf.tienda\/en\/wp-json\/wp\/v2\/types\/product"}],"replies":[{"embeddable":true,"href":"https:\/\/avsaf.tienda\/en\/wp-json\/wp\/v2\/comments?post=766"}],"wp:featuredmedia":[{"embeddable":true,"href":"https:\/\/avsaf.tienda\/en\/wp-json\/wp\/v2\/media\/421"}],"wp:attachment":[{"href":"https:\/\/avsaf.tienda\/en\/wp-json\/wp\/v2\/media?parent=766"}],"wp:term":[{"taxonomy":"product_brand","embeddable":true,"href":"https:\/\/avsaf.tienda\/en\/wp-json\/wp\/v2\/product_brand?post=766"},{"taxonomy":"product_cat","embeddable":true,"href":"https:\/\/avsaf.tienda\/en\/wp-json\/wp\/v2\/product_cat?post=766"},{"taxonomy":"product_tag","embeddable":true,"href":"https:\/\/avsaf.tienda\/en\/wp-json\/wp\/v2\/product_tag?post=766"}],"curies":[{"name":"wp","href":"https:\/\/api.w.org\/{rel}","templated":true}]}}